{"id":1171,"date":"2023-02-03T22:05:38","date_gmt":"2023-02-03T21:05:38","guid":{"rendered":"https:\/\/ekopark.webimagin.pl\/?page_id=1171"},"modified":"2023-02-05T14:21:02","modified_gmt":"2023-02-05T13:21:02","slug":"eko-terminy","status":"publish","type":"page","link":"https:\/\/ekopark.webimagin.pl\/?page_id=1171","title":{"rendered":"EKO terminy"},"content":{"rendered":"\t\t<div data-elementor-type=\"wp-page\" data-elementor-id=\"1171\" class=\"elementor elementor-1171\">\n\t\t\t\t\t\t\t\t\t<section class=\"elementor-section elementor-top-section elementor-element elementor-element-d65d825 elementor-section-boxed elementor-section-height-default elementor-section-height-default\" data-id=\"d65d825\" data-element_type=\"section\">\n\t\t\t\t\t\t<div class=\"elementor-container elementor-column-gap-default\">\n\t\t\t\t\t<div class=\"elementor-column elementor-col-50 elementor-top-column elementor-element elementor-element-55f83ee\" data-id=\"55f83ee\" data-element_type=\"column\">\n\t\t\t<div class=\"elementor-widget-wrap elementor-element-populated\">\n\t\t\t\t\t\t\t\t<div class=\"elementor-element elementor-element-2554c9f elementor-widget elementor-widget-heading\" data-id=\"2554c9f\" data-element_type=\"widget\" data-widget_type=\"heading.default\">\n\t\t\t\t<div class=\"elementor-widget-container\">\n\t\t\t<style>\/*! elementor - v3.10.1 - 17-01-2023 *\/\n.elementor-heading-title{padding:0;margin:0;line-height:1}.elementor-widget-heading .elementor-heading-title[class*=elementor-size-]>a{color:inherit;font-size:inherit;line-height:inherit}.elementor-widget-heading .elementor-heading-title.elementor-size-small{font-size:15px}.elementor-widget-heading .elementor-heading-title.elementor-size-medium{font-size:19px}.elementor-widget-heading .elementor-heading-title.elementor-size-large{font-size:29px}.elementor-widget-heading .elementor-heading-title.elementor-size-xl{font-size:39px}.elementor-widget-heading .elementor-heading-title.elementor-size-xxl{font-size:59px}<\/style><h2 class=\"elementor-heading-title elementor-size-medium\">EKO terminy<\/h2>\t\t<\/div>\n\t\t\t\t<\/div>\n\t\t\t\t<div class=\"elementor-element elementor-element-27f4c49 elementor-widget elementor-widget-text-editor\" data-id=\"27f4c49\" data-element_type=\"widget\" data-widget_type=\"text-editor.default\">\n\t\t\t\t<div class=\"elementor-widget-container\">\n\t\t\t<style>\/*! elementor - v3.10.1 - 17-01-2023 *\/\n.elementor-widget-text-editor.elementor-drop-cap-view-stacked .elementor-drop-cap{background-color:#818a91;color:#fff}.elementor-widget-text-editor.elementor-drop-cap-view-framed .elementor-drop-cap{color:#818a91;border:3px solid;background-color:transparent}.elementor-widget-text-editor:not(.elementor-drop-cap-view-default) .elementor-drop-cap{margin-top:8px}.elementor-widget-text-editor:not(.elementor-drop-cap-view-default) .elementor-drop-cap-letter{width:1em;height:1em}.elementor-widget-text-editor .elementor-drop-cap{float:left;text-align:center;line-height:1;font-size:50px}.elementor-widget-text-editor .elementor-drop-cap-letter{display:inline-block}<\/style>\t\t\t\t<section class=\"article-content clearfix\"><ul><li><strong>do 31 stycznia <\/strong><\/li><\/ul><ol><li>Sprawozdanie podmiotu odbieraj\u0105cego odpady komunalne od w\u0142a\u015bcicieli nieruchomo\u015bci za II p\u00f3\u0142rocze<\/li><\/ol><ul><li><strong>do ko\u0144ca lutego <\/strong><\/li><\/ul><ol><li>Roczne sprawozdanie do KOBIZE<\/li><li>Op\u0142ata roczna dla wprowadzaj\u0105cych sprz\u0119t elektryczny i elektroniczny<\/li><li>Op\u0142ata roczna dla wprowadzaj\u0105cych baterie i akumulatory<\/li><\/ol><ul><li><strong>do 15-go marca<\/strong><\/li><\/ul><ol><li>Zbiorcze zestawienie danych o rodzajach i ilo\u015bci odpad\u00f3w, o sposobach gospodarowania nimi oraz o instalacjach i urz\u0105dzeniach s\u0142u\u017c\u0105cych do odzysku i unieszkodliwiania tych odpad\u00f3w<\/li><li>Sprawozdanie o ilo\u015bci i masie sprz\u0119tu wprowadzonego do obrotu na terytorium kraju, z podzia\u0142em na grupy i rodzaje sprz\u0119tu<\/li><li>Sprawozdanie o masie zu\u017cytego sprz\u0119tu zebranego, poddanego przetwarzaniu, odzyskowi, w tym recyklingowi, oraz unieszkodliwianiu<\/li><li>Sprawozdanie o osi\u0105gni\u0119tych poziomach zbierania, odzysku i recyklingu zu\u017cytego sprz\u0119tu<\/li><li>Wykaz zak\u0142ad\u00f3w przetwarzania, z kt\u00f3rymi prowadz\u0105cymi zawar\u0142 umow\u0119<\/li><li>Sprawozdanie zawieraj\u0105ce odr\u0119bnie dla poszczeg\u00f3lnych grup sprz\u0119tu informacj\u0119 o wysoko\u015bci nale\u017cnej op\u0142aty produktowej<\/li><li>Sprawozdanie o masie zebranego i przekazanego do prowadz\u0105cego zak\u0142ad przetwarzania zu\u017cytego sprz\u0119tu<\/li><li>Sprawozdanie o masie przyj\u0119tego przez zak\u0142ad przetwarzania sprz\u0119tu, z kt\u00f3rego powsta\u0142 zu\u017cyty sprz\u0119t, oraz o rodzajach i masie odpad\u00f3w powsta\u0142ych z przetworzenia zu\u017cytego sprz\u0119tu, przekazanych prowadz\u0105cemu dzia\u0142alno\u015b\u0107 w zakresie recyklingu, prowadz\u0105cemu dzia\u0142alno\u015b\u0107 w zakresie innych ni\u017c recykling proces\u00f3w odzysku i prowadz\u0105cemu dzia\u0142alno\u015b\u0107 w zakresie unieszkodliwiania odpad\u00f3w<\/li><li>Sprawozdanie o masie przyj\u0119tych oraz poddanych odpowiednio recyklingowi lub innym ni\u017c recykling procesom odzysku odpad\u00f3w pochodz\u0105cych ze zu\u017cytego sprz\u0119tu<\/li><li>Sprawozdanie roczne o rodzaju, ilo\u015bci i masie wprowadzonych do obrotu baterii i akumulator\u00f3w<\/li><li>Wykaz zak\u0142ad\u00f3w przetwarzania zu\u017cytych baterii lub zu\u017cytych akumulator\u00f3w, z kt\u00f3rych prowadz\u0105cymi ma zawart\u0105 umow\u0119<\/li><li>Sprawozdanie roczne o wysoko\u015bci \u015brodk\u00f3w przeznaczonych na publiczne kampanie edukacyjne<\/li><li>Sprawozdanie roczne o osi\u0105gni\u0119tych poziomach zbierania wraz z wykazem punkt\u00f3w zbierania prowadzonych przez danego zbieraj\u0105cego zu\u017cyte baterie lub zu\u017cyte akumulatory oraz wykazem miejsc odbioru, z kt\u00f3rych zbieraj\u0105cy odbiera zu\u017cyte baterie przeno\u015bne lub zu\u017cyte akumulatory przeno\u015bne<\/li><li>Sprawozdanie roczne o wysoko\u015bci nale\u017cnej op\u0142aty produktowej<\/li><li>Sprawozdanie roczne o wysoko\u015bci pobranej op\u0142aty depozytowej i przekazanej nieodebranej op\u0142aty depozytowej<\/li><li>Sprawozdanie roczne o masie zebranych zu\u017cytych baterii przeno\u015bnych i zu\u017cytych akumulator\u00f3w przeno\u015bnych, og\u00f3\u0142em i w rozbiciu na poszczeg\u00f3lnych wprowadzaj\u0105cych baterie lub akumulatory, z kt\u00f3rymi ma zawart\u0105 umow\u0119<\/li><li>Sprawozdanie roczne o wysoko\u015bci nale\u017cnej op\u0142aty za brak sieci<\/li><li>Sprawozdanie roczne o pojazdach wycofanych z eksploatacji<\/li><li>Informacja dotycz\u0105ca zawarto\u015bci uzyskiwanych frakcji materia\u0142owych, okre\u015blonej w wyniku przeprowadzenia pr\u00f3by strz\u0119pienia wraz ze zbiorczym zestawieniem danych<\/li><\/ol><ul><li><strong>do 31-go marca <\/strong><\/li><\/ul><ol><li>Sprawozdanie roczne o masie wprowadzonych na rynek opakowa\u0144 i produkt\u00f3w, osi\u0105gni\u0119tych poziomach odzysku i recyklingu odpad\u00f3w opakowaniowych i pou\u017cytkowych oraz o nale\u017cnej op\u0142acie produktowej<\/li><li>Sprawozdanie roczne o masie wytworzonych, przywiezionych z zagranicy oraz wywiezionych za granic\u0119 opakowa\u0144, wed\u0142ug rodzaju materia\u0142\u00f3w, z jakich zosta\u0142y wykonane, z wyszczeg\u00f3lnieniem opakowa\u0144 wielokrotnego u\u017cytku, oraz o przestrzeganiu ogranicze\u0144 wynikaj\u0105cych z art. 5 ust. 1 pkt 4 ustawy<\/li><li>Zbiorcze zestawienie informacji o zakresie korzystania ze \u015brodowiska i wysoko\u015bci nale\u017cnych op\u0142at<\/li><\/ol><ul><li><strong>do 31-go lipca <\/strong><\/li><\/ul><ol><li>Sprawozdanie podmiotu odbieraj\u0105cego odpady komunalne od w\u0142a\u015bcicieli nieruchomo\u015bci za I p\u00f3\u0142rocze<\/li><li>Sprawozdanie o ilo\u015bci i masie wprowadzonego sprz\u0119tu<\/li><li>Sprawozdanie o ilo\u015bci i masie zebranego zu\u017cytego sprz\u0119tu elektrycznego i elektronicznego<\/li><li>Sprawozdanie o masie zebranego i przekazanego do prowadz\u0105cego zak\u0142ad przetwarzania zu\u017cytego sprz\u0119tu<\/li><li>Sprawozdanie o przetworzonym zu\u017cytym sprz\u0119cie<\/li><li>Sprawozdanie o odpadach pochodz\u0105cych ze zu\u017cytego sprz\u0119tu<\/li><\/ol><\/section>\t\t\t\t\t\t<\/div>\n\t\t\t\t<\/div>\n\t\t\t\t\t<\/div>\n\t\t<\/div>\n\t\t\t\t<div class=\"elementor-column elementor-col-50 elementor-top-column elementor-element elementor-element-775d709\" data-id=\"775d709\" data-element_type=\"column\">\n\t\t\t<div class=\"elementor-widget-wrap elementor-element-populated\">\n\t\t\t\t\t\t\t\t<div class=\"elementor-element elementor-element-f4f3d00 elementor-nav-menu--dropdown-tablet elementor-nav-menu__text-align-aside elementor-nav-menu--toggle elementor-nav-menu--burger elementor-widget elementor-widget-nav-menu\" data-id=\"f4f3d00\" data-element_type=\"widget\" data-settings=\"{&quot;layout&quot;:&quot;vertical&quot;,&quot;submenu_icon&quot;:{&quot;value&quot;:&quot;&lt;i class=\\&quot;fas fa-caret-down\\&quot;&gt;&lt;\\\/i&gt;&quot;,&quot;library&quot;:&quot;fa-solid&quot;},&quot;toggle&quot;:&quot;burger&quot;}\" data-widget_type=\"nav-menu.default\">\n\t\t\t\t<div class=\"elementor-widget-container\">\n\t\t\t<link rel=\"stylesheet\" href=\"https:\/\/ekopark.webimagin.pl\/wp-content\/plugins\/elementor-pro\/assets\/css\/widget-nav-menu.min.css\">\t\t\t<nav migration_allowed=\"1\" migrated=\"0\" class=\"elementor-nav-menu--main elementor-nav-menu__container elementor-nav-menu--layout-vertical e--pointer-none\">\n\t\t\t\t<ul id=\"menu-1-f4f3d00\" class=\"elementor-nav-menu sm-vertical\"><li class=\"menu-item menu-item-type-post_type menu-item-object-page menu-item-1289\"><a href=\"https:\/\/ekopark.webimagin.pl\/?page_id=1169\" class=\"elementor-item\">EKO ciekawostki<\/a><\/li>\n<li class=\"menu-item menu-item-type-post_type menu-item-object-page menu-item-1288\"><a href=\"https:\/\/ekopark.webimagin.pl\/?page_id=1171\" class=\"elementor-item\">EKO terminy<\/a><\/li>\n<li class=\"menu-item menu-item-type-post_type menu-item-object-page menu-item-1287\"><a href=\"https:\/\/ekopark.webimagin.pl\/?page_id=1173\" class=\"elementor-item\">EKO s\u0142ownik<\/a><\/li>\n<li class=\"menu-item menu-item-type-post_type menu-item-object-page menu-item-1286\"><a href=\"https:\/\/ekopark.webimagin.pl\/?page_id=1175\" class=\"elementor-item\">Przydatne strony WWW<\/a><\/li>\n<li class=\"menu-item menu-item-type-post_type menu-item-object-page menu-item-1285\"><a href=\"https:\/\/ekopark.webimagin.pl\/?page_id=1177\" class=\"elementor-item\">Odpady w Polsce<\/a><\/li>\n<li class=\"menu-item menu-item-type-post_type menu-item-object-page menu-item-1284\"><a href=\"https:\/\/ekopark.webimagin.pl\/?page_id=1179\" class=\"elementor-item\">EKO tapety<\/a><\/li>\n<li class=\"menu-item menu-item-type-post_type menu-item-object-page menu-item-1531\"><a href=\"https:\/\/ekopark.webimagin.pl\/?page_id=1181\" class=\"elementor-item\">Wyszukiwarka odpad\u00f3w<\/a><\/li>\n<\/ul>\t\t\t<\/nav>\n\t\t\t\t\t<div class=\"elementor-menu-toggle\" role=\"button\" tabindex=\"0\" aria-label=\"Menu Toggle\" aria-expanded=\"false\">\n\t\t\t<i aria-hidden=\"true\" role=\"presentation\" class=\"elementor-menu-toggle__icon--open eicon-menu-bar\"><\/i><i aria-hidden=\"true\" role=\"presentation\" class=\"elementor-menu-toggle__icon--close eicon-close\"><\/i>\t\t\t<span class=\"elementor-screen-only\">Menu<\/span>\n\t\t<\/div>\n\t\t\t\t\t<nav class=\"elementor-nav-menu--dropdown elementor-nav-menu__container\" aria-hidden=\"true\">\n\t\t\t\t<ul id=\"menu-2-f4f3d00\" class=\"elementor-nav-menu sm-vertical\"><li class=\"menu-item menu-item-type-post_type menu-item-object-page menu-item-1289\"><a href=\"https:\/\/ekopark.webimagin.pl\/?page_id=1169\" class=\"elementor-item\" tabindex=\"-1\">EKO ciekawostki<\/a><\/li>\n<li class=\"menu-item menu-item-type-post_type menu-item-object-page menu-item-1288\"><a href=\"https:\/\/ekopark.webimagin.pl\/?page_id=1171\" class=\"elementor-item\" tabindex=\"-1\">EKO terminy<\/a><\/li>\n<li class=\"menu-item menu-item-type-post_type menu-item-object-page menu-item-1287\"><a href=\"https:\/\/ekopark.webimagin.pl\/?page_id=1173\" class=\"elementor-item\" tabindex=\"-1\">EKO s\u0142ownik<\/a><\/li>\n<li class=\"menu-item menu-item-type-post_type menu-item-object-page menu-item-1286\"><a href=\"https:\/\/ekopark.webimagin.pl\/?page_id=1175\" class=\"elementor-item\" tabindex=\"-1\">Przydatne strony WWW<\/a><\/li>\n<li class=\"menu-item menu-item-type-post_type menu-item-object-page menu-item-1285\"><a href=\"https:\/\/ekopark.webimagin.pl\/?page_id=1177\" class=\"elementor-item\" tabindex=\"-1\">Odpady w Polsce<\/a><\/li>\n<li class=\"menu-item menu-item-type-post_type menu-item-object-page menu-item-1284\"><a href=\"https:\/\/ekopark.webimagin.pl\/?page_id=1179\" class=\"elementor-item\" tabindex=\"-1\">EKO tapety<\/a><\/li>\n<li class=\"menu-item menu-item-type-post_type menu-item-object-page menu-item-1531\"><a href=\"https:\/\/ekopark.webimagin.pl\/?page_id=1181\" class=\"elementor-item\" tabindex=\"-1\">Wyszukiwarka odpad\u00f3w<\/a><\/li>\n<\/ul>\t\t\t<\/nav>\n\t\t\t\t<\/div>\n\t\t\t\t<\/div>\n\t\t\t\t<div class=\"elementor-element elementor-element-adf2363 elementor-widget elementor-widget-image\" data-id=\"adf2363\" data-element_type=\"widget\" data-widget_type=\"image.default\">\n\t\t\t\t<div class=\"elementor-widget-container\">\n\t\t\t<style>\/*! elementor - v3.10.1 - 17-01-2023 *\/\n.elementor-widget-image{text-align:center}.elementor-widget-image a{display:inline-block}.elementor-widget-image a img[src$=\".svg\"]{width:48px}.elementor-widget-image img{vertical-align:middle;display:inline-block}<\/style>\t\t\t\t\t\t\t\t\t\t\t\t\t<a href=\"https:\/\/bioremediacja.pl\/\">\n\t\t\t\t\t\t\t<img loading=\"lazy\" decoding=\"async\" width=\"600\" height=\"200\" src=\"https:\/\/ekopark.webimagin.pl\/wp-content\/uploads\/2023\/02\/bioremediacja.pl3_.gif\" class=\"attachment-large size-large wp-image-482\" alt=\"bioremediacja banner\" \/>\t\t\t\t\t\t\t\t<\/a>\n\t\t\t\t\t\t\t\t\t\t\t\t\t\t\t<\/div>\n\t\t\t\t<\/div>\n\t\t\t\t<div class=\"elementor-element elementor-element-7b9c59d elementor-widget elementor-widget-image\" data-id=\"7b9c59d\" data-element_type=\"widget\" data-widget_type=\"image.default\">\n\t\t\t\t<div class=\"elementor-widget-container\">\n\t\t\t\t\t\t\t\t\t\t\t\t\t\t\t\t<a href=\"https:\/\/ekopark.tv\/\">\n\t\t\t\t\t\t\t<img loading=\"lazy\" decoding=\"async\" width=\"600\" height=\"200\" src=\"https:\/\/ekopark.webimagin.pl\/wp-content\/uploads\/2023\/02\/EKOPARK.TV5_.gif\" class=\"attachment-large size-large wp-image-484\" alt=\"\" \/>\t\t\t\t\t\t\t\t<\/a>\n\t\t\t\t\t\t\t\t\t\t\t\t\t\t\t<\/div>\n\t\t\t\t<\/div>\n\t\t\t\t<div class=\"elementor-element elementor-element-ebb7473 elementor-widget elementor-widget-image\" data-id=\"ebb7473\" data-element_type=\"widget\" data-widget_type=\"image.default\">\n\t\t\t\t<div class=\"elementor-widget-container\">\n\t\t\t\t\t\t\t\t\t\t\t\t\t\t\t\t<a href=\"https:\/\/segregacja.info.pl\/\">\n\t\t\t\t\t\t\t<img loading=\"lazy\" decoding=\"async\" width=\"600\" height=\"200\" src=\"https:\/\/ekopark.webimagin.pl\/wp-content\/uploads\/2023\/02\/segregacja.info_.pl2_.gif\" class=\"attachment-large size-large wp-image-485\" alt=\"segregacja.info.pl banner\" \/>\t\t\t\t\t\t\t\t<\/a>\n\t\t\t\t\t\t\t\t\t\t\t\t\t\t\t<\/div>\n\t\t\t\t<\/div>\n\t\t\t\t<div class=\"elementor-element elementor-element-32eea6c elementor-widget elementor-widget-image\" data-id=\"32eea6c\" data-element_type=\"widget\" data-widget_type=\"image.default\">\n\t\t\t\t<div class=\"elementor-widget-container\">\n\t\t\t\t\t\t\t\t\t\t\t\t\t\t\t\t<a href=\"https:\/\/radynaodpady.info\/\">\n\t\t\t\t\t\t\t<img loading=\"lazy\" decoding=\"async\" width=\"600\" height=\"200\" src=\"https:\/\/ekopark.webimagin.pl\/wp-content\/uploads\/2023\/02\/Rady-na-Odpady2.gif\" class=\"attachment-large size-large wp-image-486\" alt=\"radynaodpady.info banner\" \/>\t\t\t\t\t\t\t\t<\/a>\n\t\t\t\t\t\t\t\t\t\t\t\t\t\t\t<\/div>\n\t\t\t\t<\/div>\n\t\t\t\t\t<\/div>\n\t\t<\/div>\n\t\t\t\t\t\t\t<\/div>\n\t\t<\/section>\n\t\t\t\t\t\t\t<\/div>\n\t\t","protected":false},"excerpt":{"rendered":"<p>EKO terminy do 31 stycznia Sprawozdanie podmiotu odbieraj\u0105cego odpady komunalne od w\u0142a\u015bcicieli nieruchomo\u015bci za II p\u00f3\u0142rocze do ko\u0144ca lutego Roczne sprawozdanie do KOBIZE Op\u0142ata roczna dla wprowadzaj\u0105cych sprz\u0119t elektryczny i elektroniczny Op\u0142ata roczna dla wprowadzaj\u0105cych baterie i akumulatory do 15-go marca Zbiorcze zestawienie danych o rodzajach i ilo\u015bci odpad\u00f3w, o sposobach gospodarowania nimi oraz o [&hellip;]<\/p>\n","protected":false},"author":1,"featured_media":0,"parent":71,"menu_order":0,"comment_status":"closed","ping_status":"closed","template":"","meta":{"footnotes":""},"class_list":["post-1171","page","type-page","status-publish","hentry"],"_links":{"self":[{"href":"https:\/\/ekopark.webimagin.pl\/index.php?rest_route=\/wp\/v2\/pages\/1171","targetHints":{"allow":["GET"]}}],"collection":[{"href":"https:\/\/ekopark.webimagin.pl\/index.php?rest_route=\/wp\/v2\/pages"}],"about":[{"href":"https:\/\/ekopark.webimagin.pl\/index.php?rest_route=\/wp\/v2\/types\/page"}],"author":[{"embeddable":true,"href":"https:\/\/ekopark.webimagin.pl\/index.php?rest_route=\/wp\/v2\/users\/1"}],"replies":[{"embeddable":true,"href":"https:\/\/ekopark.webimagin.pl\/index.php?rest_route=%2Fwp%2Fv2%2Fcomments&post=1171"}],"version-history":[{"count":16,"href":"https:\/\/ekopark.webimagin.pl\/index.php?rest_route=\/wp\/v2\/pages\/1171\/revisions"}],"predecessor-version":[{"id":1614,"href":"https:\/\/ekopark.webimagin.pl\/index.php?rest_route=\/wp\/v2\/pages\/1171\/revisions\/1614"}],"up":[{"embeddable":true,"href":"https:\/\/ekopark.webimagin.pl\/index.php?rest_route=\/wp\/v2\/pages\/71"}],"wp:attachment":[{"href":"https:\/\/ekopark.webimagin.pl\/index.php?rest_route=%2Fwp%2Fv2%2Fmedia&parent=1171"}],"curies":[{"name":"wp","href":"https:\/\/api.w.org\/{rel}","templated":true}]}}