{"id":1173,"date":"2023-02-03T22:05:59","date_gmt":"2023-02-03T21:05:59","guid":{"rendered":"https:\/\/ekopark.webimagin.pl\/?page_id=1173"},"modified":"2023-02-05T14:21:24","modified_gmt":"2023-02-05T13:21:24","slug":"eko-slownik","status":"publish","type":"page","link":"https:\/\/ekopark.webimagin.pl\/?page_id=1173","title":{"rendered":"EKO s\u0142ownik"},"content":{"rendered":"\t\t<div data-elementor-type=\"wp-page\" data-elementor-id=\"1173\" class=\"elementor elementor-1173\">\n\t\t\t\t\t\t\t\t\t<section class=\"elementor-section elementor-top-section elementor-element elementor-element-9654604 elementor-section-boxed elementor-section-height-default elementor-section-height-default\" data-id=\"9654604\" data-element_type=\"section\">\n\t\t\t\t\t\t<div class=\"elementor-container elementor-column-gap-default\">\n\t\t\t\t\t<div class=\"elementor-column elementor-col-50 elementor-top-column elementor-element elementor-element-2069b30\" data-id=\"2069b30\" data-element_type=\"column\">\n\t\t\t<div class=\"elementor-widget-wrap elementor-element-populated\">\n\t\t\t\t\t\t\t\t<div class=\"elementor-element elementor-element-377b2c0 elementor-widget elementor-widget-heading\" data-id=\"377b2c0\" data-element_type=\"widget\" data-widget_type=\"heading.default\">\n\t\t\t\t<div class=\"elementor-widget-container\">\n\t\t\t<style>\/*! elementor - v3.10.1 - 17-01-2023 *\/\n.elementor-heading-title{padding:0;margin:0;line-height:1}.elementor-widget-heading .elementor-heading-title[class*=elementor-size-]>a{color:inherit;font-size:inherit;line-height:inherit}.elementor-widget-heading .elementor-heading-title.elementor-size-small{font-size:15px}.elementor-widget-heading .elementor-heading-title.elementor-size-medium{font-size:19px}.elementor-widget-heading .elementor-heading-title.elementor-size-large{font-size:29px}.elementor-widget-heading .elementor-heading-title.elementor-size-xl{font-size:39px}.elementor-widget-heading .elementor-heading-title.elementor-size-xxl{font-size:59px}<\/style><h2 class=\"elementor-heading-title elementor-size-medium\">EKO s\u0142ownik<\/h2>\t\t<\/div>\n\t\t\t\t<\/div>\n\t\t\t\t<div class=\"elementor-element elementor-element-b8c0adc elementor-widget elementor-widget-text-editor\" data-id=\"b8c0adc\" data-element_type=\"widget\" data-widget_type=\"text-editor.default\">\n\t\t\t\t<div class=\"elementor-widget-container\">\n\t\t\t<style>\/*! elementor - v3.10.1 - 17-01-2023 *\/\n.elementor-widget-text-editor.elementor-drop-cap-view-stacked .elementor-drop-cap{background-color:#818a91;color:#fff}.elementor-widget-text-editor.elementor-drop-cap-view-framed .elementor-drop-cap{color:#818a91;border:3px solid;background-color:transparent}.elementor-widget-text-editor:not(.elementor-drop-cap-view-default) .elementor-drop-cap{margin-top:8px}.elementor-widget-text-editor:not(.elementor-drop-cap-view-default) .elementor-drop-cap-letter{width:1em;height:1em}.elementor-widget-text-editor .elementor-drop-cap{float:left;text-align:center;line-height:1;font-size:50px}.elementor-widget-text-editor .elementor-drop-cap-letter{display:inline-block}<\/style>\t\t\t\t<section class=\"article-content clearfix\"><p><strong>A<\/strong><\/p><p><strong>Azbest<\/strong> &#8211; w\u0142\u00f3kniste odmiany minera\u0142\u00f3w wyst\u0119puj\u0105ce w przyrodzie w postaci wi\u0105zek w\u0142\u00f3kien cechuj\u0105cych si\u0119 du\u017c\u0105 wytrzyma\u0142o\u015bci\u0105 na rozci\u0105ganie, elastyczno\u015bci\u0105 i odporno\u015bci\u0105 na dzia\u0142anie czynnik\u00f3w chemicznych i fizycznych. Szkodliwo\u015b\u0107 w\u0142\u00f3kien azbestowych zale\u017cy od \u015brednicy i d\u0142ugo\u015bci w\u0142\u00f3kien. Wi\u0119ksze w\u0142\u00f3kna nie s\u0105 tak szkodliwe, gdy\u017c w wi\u0119kszo\u015bci zatrzymuj\u0105 si\u0119 w g\u00f3rnych drogach oddechowych sk\u0105d s\u0105 usuwane przez rz\u0119ski, w\u0142\u00f3kna bardzo drobne s\u0105 usuwane przez system odporno\u015bciowy. Najbardziej niebezpieczne nie s\u0105 w\u0142\u00f3kna d\u0142ugie, lecz cienkie \u2013 przenikaj\u0105 one do dolnych dr\u00f3g oddechowych, wbijaj\u0105 si\u0119 w p\u0142uca, gdzie pozostaj\u0105 i w wyniku wieloletniego dra\u017cnienia kom\u00f3rek wywo\u0142uj\u0105c nowotwory. Usuwanie wyrob\u00f3w azbestowych z budynk\u00f3w wymaga zabezpiecze\u0144 pracownik\u00f3w, a odpady unieszkodliwienia.<\/p><p><strong>B<\/strong><\/p><p><strong>Biodegradacja<\/strong> \u2013 biochemiczny rozk\u0142ad zwi\u0105zk\u00f3w organicznych na zwi\u0105zki proste, dokonany za po\u015brednictwem organizm\u00f3w \u017cywych (m.in. bakterii, grzyb\u00f3w, pierwotniak\u00f3w, glon\u00f3w).<\/p><p><strong>Biopaliwa<\/strong> &#8211; to paliwa uzyskane drog\u0105 przetworzenia produkt\u00f3w pochodzenia ro\u015blinnego lub zwierz\u0119cego. Ze wzgl\u0119du na stan skupienia dzielimy biopaliwa na sta\u0142e , ciek\u0142e i gazowe. Do biopaliw sta\u0142ych zaliczamy miedzy innymi s\u0142om\u0119 w postaci kostek lub brykiet\u00f3w, granulat trocinowy lub s\u0142omiany &#8211; tzw. pellet, drewno, siano. Biopaliwa ciek\u0142e otrzymywane s\u0105 w drodze fermentacji alkoholowej w\u0119glowodan\u00f3w, fermentacji biomasy, b\u0105d\u017a z estryfikowanych w biodiesel olej\u00f3w ro\u015blinnych. Biopaliwa gazowe powstaj\u0105 w wyniku fermentacji beztlenowej odpad\u00f3w rolniczej produkcji zwierz\u0119cej na przyk\u0142ad obornika.<\/p><p><strong>Bioremediacja<\/strong> &#8211; to proces naprawczy, w kt\u00f3rym wykorzystywane s\u0105 bakterie, dro\u017cd\u017ce lub grzyby strz\u0119pkowe. Mikroorganizmy te maj\u0105 za zadanie obni\u017cenie st\u0119\u017cenia zanieczyszcze\u0144 do bezpiecznego poziomu, przekszta\u0142cenie zwi\u0105zk\u00f3w ropopochodnych do zwi\u0105zk\u00f3w nietoksycznych lub przeprowadzenie mineralizacji do dwutlenku w\u0119gla i wody. Najcz\u0119\u015bciej stosuje si\u0119 bakterie, ze wzgl\u0119du na du\u017c\u0105 liczebno\u015b\u0107 populacji i szybki wzrost.<\/p><p><strong>C<\/strong><\/p><p><strong>Czynnik zanieczyszczaj\u0105cy \u015brodowisko<\/strong> &#8211; substancja lub rodzaj energii wp\u0142ywaj\u0105cy negatywnie na jako\u015b\u0107 \u015brodowiska cz\u0142owieka, np. kwa\u015bne deszcze, osady, py\u0142y, gazy: SOx, NOx.<\/p><p><strong>D<\/strong><\/p><p><strong>Degradacja \u015brodowiska<\/strong> \u2013 pogarszanie si\u0119 stanu poszczeg\u00f3lnych element\u00f3w \u015brodowiska naturalnego (m.in. wody, gleby, powietrza) w wyniku wzrostu liczby ludno\u015bci, urbanizacji, rozwoju dzia\u0142alno\u015bci gospodarczej, powoduj\u0105cych wzrost zanieczyszcze\u0144 w stopniu przekraczaj\u0105cym mo\u017cliwo\u015bci samokompensacji ich przez przyrod\u0119.<\/p><p><strong>E<\/strong><\/p><p><strong>Ekologia<\/strong> &#8211; jest to nauka o strukturze i funkcjonowaniu przyrody, zajmuj\u0105ca si\u0119 badaniem oddzia\u0142ywa\u0144 pomi\u0119dzy organizmami, a ich \u015brodowiskiem.<\/p><p><strong>Elektro\u015bmieci<\/strong> \u2013 to potoczna nazwa grupy odpad\u00f3w obejmuj\u0105ca zu\u017cyty sprz\u0119t elektryczny i elektroniczny. S\u0105 nimi zu\u017cyte, przestarza\u0142e lub zepsute pralki, lod\u00f3wki, komputery, telefony, \u015bwietl\u00f3wki i \u017car\u00f3wki energooszcz\u0119dne, telewizory, sprz\u0119t audio, \u017celazka, telefony, wiertarki i inne podobne sprz\u0119ty zasilane na pr\u0105d lub na baterie.<\/p><p><strong>F<\/strong><\/p><p><strong>Freony<\/strong> &#8211; fluoropochodne metanu lub etanu, stosowane m.in. do produkcji aerozoli w rozpylaczach kosmetycznych i ga\u015bnicach oraz w urz\u0105dzeniach ch\u0142odniczych. Freony przenikaj\u0105 do ozonosfery, gdzie pod wp\u0142ywem silnego promieniowania ultrafioletowego dochodzi do uwalniania z nich chloru, kt\u00f3ry niszczy znajduj\u0105cy si\u0119 tu ozon; co z kolei przyczynia si\u0119 do niszczenia chlorofilu, podwy\u017cszenia globalnej temperatury powietrza, wytwarzania r\u00f3\u017cnych mutacji genetycznych a tak\u017ce do wzrostu zachorowa\u0144 na raka sk\u00f3ry u ludzi. Kiedy\u015b szeroko stosowane, obecnie wycofywane z produkcji w zwi\u0105zku z dzia\u0142aniami mi\u0119dzynarodowej spo\u0142eczno\u015bci na rzecz ochrony warstwy ozonu w atmosferze.<\/p><p><strong>G<\/strong><\/p><p><strong>Gospodarowanie odpadami<\/strong> &#8211; rozumie si\u0119 przez to zbieranie, transport, przetwarzanie odpad\u00f3w, \u0142\u0105cznie z nadzorem nad tego rodzaju dzia\u0142aniami, jak r\u00f3wnie\u017c p\u00f3\u017aniejsze post\u0119powanie z miejscami zagospodarowania odpad\u00f3w<\/p><p><strong>H<\/strong><\/p><p><strong>Ha\u0142as \u015brodowiskowy<\/strong> &#8211; ha\u0142as wyst\u0119puj\u0105cy w \u015brodowisku zewn\u0119trznym, powsta\u0142y w wyniku dzia\u0142alno\u015bci cz\u0142owieka. Wyr\u00f3\u017cnia si\u0119 nast\u0119puj\u0105ce sk\u0142adowe ha\u0142asu \u015brodowiskowego: ha\u0142as drogowy, ha\u0142as lotniczy, ha\u0142as przemys\u0142owy i ha\u0142as szynowy.<\/p><p><strong>I<\/strong><\/p><p><strong>Importer<\/strong> &#8211; przedsi\u0119biorca importuj\u0105cy produkty lub produkty w opakowaniach na potrzeby w\u0142asne; nie uwa\u017ca si\u0119 za importera produkt\u00f3w lub produkt\u00f3w w opakowaniach przedsi\u0119biorcy, kt\u00f3ry dokonuje eksportu lub wewn\u0105trzwsp\u00f3lnotowej dostawy uprzednio importowanych produkt\u00f3w lub produkt\u00f3w w opakowaniach<\/p><p><strong>K<\/strong><\/p><p><strong>Kszta\u0142towanie \u015brodowiska<\/strong> &#8211; planowe i tw\u00f3rcze oddzia\u0142ywanie cz\u0142owieka na \u015brodowisko przyrodnicze, w wyniku kt\u00f3rego racjonalnie wykorzystywane s\u0105 jego zasoby. Podstawowymi formami s\u0105: rekultywacja, rewaloryzacja, piel\u0119gnacja i ochrona zachowawcza.<\/p><p><strong>Kompostowanie<\/strong> \u2013 inaczej, recykling organiczny, to naturalna metoda unieszkodliwienia i zagospodarowania odpad\u00f3w pochodzenia organicznego w procesie cz\u0119\u015bciowego tlenowego rozk\u0142adu (butwienie). Efektem procesu jest substancja pr\u00f3chnicza zwana \u201eczarnym z\u0142otem ogrodnik\u00f3w\u201d, kt\u00f3ra mo\u017ce by\u0107 stosowana jako naw\u00f3z.<\/p><p><strong>M<\/strong><\/p><p><strong>Monitoring \u015brodowiska<\/strong> &#8211; analiza i ocena stanu \u015brodowiska przyrodniczego w celu obserwacji zachodz\u0105cych w nim zmian. Mo\u017ce by\u0107 prowadzony w skali globalnej (\u015bwiatowej), og\u00f3lnokrajowej i lokalnej. Obejmuje r\u00f3wnie\u017c prognozowanie zmian \u015brodowiska oraz ocen\u0119 skuteczno\u015bci metod jego ochrony. Polega on na ci\u0105g\u0142ych lub okresowo powtarzalnych pomiarach okre\u015blonych parametr\u00f3w fizycznych i obserwacji wybranych cech, w\u0142a\u015bciwo\u015bci wody, gleby, powietrza.<\/p><p><strong>N<\/strong><\/p><p><strong>Nieodnawialne \u017ar\u00f3d\u0142a energii<\/strong> \u2013 wszystkie surowce, kt\u00f3rych odnowienie w wyniku naturalnych proces\u00f3w jest niemo\u017cliwe b\u0105d\u017a w skali geologicznej trwa bardzo d\u0142ugo m.in. ropa naftowa, w\u0119giel kamienny, w\u0119giel brunatny, gaz ziemny.<\/p><p><strong>O<\/strong><\/p><p><strong>Odzysk<\/strong> &#8211; wszelkie dzia\u0142ania, niestwarzaj\u0105ce zagro\u017cenia dla \u017cycia, zdrowia ludzi lub dla \u015brodowiska, polegaj\u0105ce na wykorzystaniu odpad\u00f3w w ca\u0142o\u015bci lub w cz\u0119\u015bci, lub prowadz\u0105ce do odzyskania z odpad\u00f3w substancji, materia\u0142\u00f3w lub energii<\/p><p><strong>Odpady<\/strong> &#8211; rozumie si\u0119 przez to ka\u017cd\u0105 substancj\u0119 lub przedmiot, kt\u00f3rych posiadacz pozbywa si\u0119, zamierza si\u0119 pozby\u0107 lub do kt\u00f3rych pozbycia si\u0119 jest obowi\u0105zany<\/p><p><strong>Ochrona \u015brodowiska<\/strong> &#8211; dzia\u0142 ochrony przyrody zajmuj\u0105cy si\u0119 ochron\u0105 w\u00f3d, powietrza i gleby przed ich zanieczyszczeniem. M\u00f3wi\u0105c o ochronie \u015brodowiska rozumie si\u0119 przez to podj\u0119cie lub zaniechanie dzia\u0142a\u0144 umo\u017cliwiaj\u0105ce zachowanie b\u0105d\u017a przywracanie r\u00f3wnowagi przyrodniczej.<\/p><p><strong>P<\/strong><\/p><p><strong>Przetwarzanie odpad\u00f3w<\/strong> &#8211; to procesy odzysku lub unieszkodliwiania, w tym przygotowanie poprzedzaj\u0105ce odzysk lub unieszkodliwianie<\/p><p><strong>Politereftalan etylenu (PET)<\/strong> \u2013 termoplastyczny polimer, stosowany g\u0142\u00f3wnie do produkcji opakowa\u0144 przeznaczonych do kontaktu z \u017cywno\u015bci\u0105, a w szczeg\u00f3lno\u015bci napoj\u00f3w, sok\u00f3w, olej\u00f3w jadalnych. Najcz\u0119\u015bciej mo\u017cna go spotka\u0107 w postaci butelek PET do r\u00f3\u017cnego typu napoj\u00f3w. Jest to stosunkowo drogie tworzywo, ale jego recykling jest bardzo op\u0142acalny.<\/p><p><strong>Piroliza<\/strong> &#8211; proces polegaj\u0105cy na termicznym przekszta\u0142ceniu materii organicznej w braku obecno\u015bci tlenu do postaci ciek\u0142ej, sta\u0142ej i gazowej. Do prowadzenia procesu pirolizy wymagane jest zewn\u0119trzne \u017ar\u00f3d\u0142o ciep\u0142a, kt\u00f3rego dostarczanie jest konieczne, aby w komorze reakcyjnej utrzyma\u0107 wymagan\u0105 temperatur\u0119. Mo\u017ce si\u0119 to odbywa\u0107 poprzez spalanie wytwarzanego gazu pirolitycznego lub gazu naturalnego w piecu. Temperatura procesowa wynosi od 300 do 8000C.<\/p><p><strong>R<\/strong><\/p><p><strong>Recykling<\/strong> &#8211; Odzysk, polegaj\u0105cy na powt\u00f3rnym przetwarzaniu substancji lub materia\u0142\u00f3w zawartych w odpadach w procesie produkcyjnym w celu uzyskania substancji lub materia\u0142u o przeznaczeniu pierwotnym lub o innym przeznaczeniu, w tym te\u017c recykling organiczny, z wyj\u0105tkiem odzysku energii<\/p><p><strong>Rekultywacja<\/strong> \u2013 to proces przywracania warto\u015bci u\u017cytkowych i przyrodniczych terenom zdegradowanym przez dzia\u0142alno\u015b\u0107 cz\u0142owieka.<\/p><p><strong>S<\/strong><\/p><p><strong>Selektywna zbi\u00f3rka odpad\u00f3w<\/strong> &#8211; to zbieranie, w ramach kt\u00f3rego dany strumie\u0144 odpad\u00f3w, w celu u\u0142atwienia specyficznego przetwarzania, obejmuje jedynie odpady charakteryzuj\u0105ce si\u0119 takimi samymi w\u0142a\u015bciwo\u015bciami i takimi samymi cechami<\/p><p><strong>Spalarnia odpad\u00f3w<\/strong> &#8211; zak\u0142ad przemys\u0142owy zajmuj\u0105cy si\u0119 termicznym przekszta\u0142caniem (w procesie spalania) odpad\u00f3w (komunalnych, przemys\u0142owych lub niebezpiecznych, a tak\u017ce osad\u00f3w \u015bciekowych). Cz\u0119sto pe\u0142ni funkcj\u0119 elektrowni produkuj\u0105c energi\u0119 elektryczn\u0105 lub ciepln\u0105<\/p><p><strong>Sk\u0142adowisko odpad\u00f3w<\/strong> \u2013 to obiekt budowlany zlokalizowany i urz\u0105dzony zgodnie z obowi\u0105zuj\u0105cymi przepisami, przeznaczony do sk\u0142adowania odpad\u00f3w<\/p><p><strong>T<\/strong><\/p><p><strong>Tworzywa sztuczne<\/strong> &#8211; materia\u0142y, kt\u00f3re nie\u00a0posiadaj\u0105 swoich odpowiednik\u00f3w w\u00a0\u015bwiecie naturalnym. Ich\u00a0g\u0142\u00f3wnym sk\u0142adnikiem s\u0105\u00a0syntetyczne polimery. Stanowi\u0105 alternatyw\u0119 dla\u00a0tradycyjnych tworzyw, powszechnie stosowanych, takich jak\u00a0metale i\u00a0ich stopy, drewno, materia\u0142y ceramiczne, kauczuki.<\/p><p><strong>U<\/strong><\/p><p><strong>Unieszkodliwianie<\/strong> &#8211; to poddanie odpad\u00f3w procesom przekszta\u0142ce\u0144 biologicznych, fizycznych lub chemicznych, w taki spos\u00f3b, aby nie stwarza\u0142y zagro\u017cenia dla \u017cycia, zdrowia ludzi lub dla \u015brodowiska. Najpopularniejsz\u0105 metod\u0105 unieszkodliwiania odpad\u00f3w w Polsce jest ich sk\u0142adowanie, jednak jest to metoda najmniej po\u017c\u0105dana ze wzgl\u0119d\u00f3w \u015brodowiskowych.<\/p><p><strong>W<\/strong><\/p><p><strong>Wysypisko<\/strong> \u2013 jest to miejsce, w kt\u00f3rym gromadzone s\u0105 odpady bez zgody odpowiednich w\u0142adz, np. lasy, w\u0105wozy<\/p><p><strong>Z<\/strong><\/p><p><strong>Zanieczyszczenie \u015brodowiska<\/strong> &#8211; stan \u015brodowiska wynikaj\u0105cy z wprowadzania do powietrza, wody lub gruntu, substancji sta\u0142ych, ciek\u0142ych lub gazowych lub energii w takich ilo\u015bciach i takim sk\u0142adzie, \u017ce mo\u017ce to ujemnie wp\u0142ywa\u0107 na zdrowie cz\u0142owieka, przyrod\u0119 o\u017cywion\u0105, klimat, gleb\u0119, wod\u0119 lub powodowa\u0107 inne niekorzystne zmiany<\/p><\/section>\t\t\t\t\t\t<\/div>\n\t\t\t\t<\/div>\n\t\t\t\t\t<\/div>\n\t\t<\/div>\n\t\t\t\t<div class=\"elementor-column elementor-col-50 elementor-top-column elementor-element elementor-element-c188c27\" data-id=\"c188c27\" data-element_type=\"column\">\n\t\t\t<div class=\"elementor-widget-wrap elementor-element-populated\">\n\t\t\t\t\t\t\t\t<div class=\"elementor-element elementor-element-6bb6ad0 elementor-nav-menu--dropdown-tablet elementor-nav-menu__text-align-aside elementor-nav-menu--toggle elementor-nav-menu--burger elementor-widget elementor-widget-nav-menu\" data-id=\"6bb6ad0\" data-element_type=\"widget\" data-settings=\"{&quot;layout&quot;:&quot;vertical&quot;,&quot;submenu_icon&quot;:{&quot;value&quot;:&quot;&lt;i class=\\&quot;fas fa-caret-down\\&quot;&gt;&lt;\\\/i&gt;&quot;,&quot;library&quot;:&quot;fa-solid&quot;},&quot;toggle&quot;:&quot;burger&quot;}\" data-widget_type=\"nav-menu.default\">\n\t\t\t\t<div class=\"elementor-widget-container\">\n\t\t\t<link rel=\"stylesheet\" href=\"https:\/\/ekopark.webimagin.pl\/wp-content\/plugins\/elementor-pro\/assets\/css\/widget-nav-menu.min.css\">\t\t\t<nav migration_allowed=\"1\" migrated=\"0\" class=\"elementor-nav-menu--main elementor-nav-menu__container elementor-nav-menu--layout-vertical e--pointer-none\">\n\t\t\t\t<ul id=\"menu-1-6bb6ad0\" class=\"elementor-nav-menu sm-vertical\"><li class=\"menu-item menu-item-type-post_type menu-item-object-page menu-item-1289\"><a href=\"https:\/\/ekopark.webimagin.pl\/?page_id=1169\" class=\"elementor-item\">EKO ciekawostki<\/a><\/li>\n<li class=\"menu-item menu-item-type-post_type menu-item-object-page menu-item-1288\"><a href=\"https:\/\/ekopark.webimagin.pl\/?page_id=1171\" class=\"elementor-item\">EKO terminy<\/a><\/li>\n<li class=\"menu-item menu-item-type-post_type menu-item-object-page menu-item-1287\"><a href=\"https:\/\/ekopark.webimagin.pl\/?page_id=1173\" class=\"elementor-item\">EKO s\u0142ownik<\/a><\/li>\n<li class=\"menu-item menu-item-type-post_type menu-item-object-page menu-item-1286\"><a href=\"https:\/\/ekopark.webimagin.pl\/?page_id=1175\" class=\"elementor-item\">Przydatne strony WWW<\/a><\/li>\n<li class=\"menu-item menu-item-type-post_type menu-item-object-page menu-item-1285\"><a href=\"https:\/\/ekopark.webimagin.pl\/?page_id=1177\" class=\"elementor-item\">Odpady w Polsce<\/a><\/li>\n<li class=\"menu-item menu-item-type-post_type menu-item-object-page menu-item-1284\"><a href=\"https:\/\/ekopark.webimagin.pl\/?page_id=1179\" class=\"elementor-item\">EKO tapety<\/a><\/li>\n<li class=\"menu-item menu-item-type-post_type menu-item-object-page menu-item-1531\"><a href=\"https:\/\/ekopark.webimagin.pl\/?page_id=1181\" class=\"elementor-item\">Wyszukiwarka odpad\u00f3w<\/a><\/li>\n<\/ul>\t\t\t<\/nav>\n\t\t\t\t\t<div class=\"elementor-menu-toggle\" role=\"button\" tabindex=\"0\" aria-label=\"Menu Toggle\" aria-expanded=\"false\">\n\t\t\t<i aria-hidden=\"true\" role=\"presentation\" class=\"elementor-menu-toggle__icon--open eicon-menu-bar\"><\/i><i aria-hidden=\"true\" role=\"presentation\" class=\"elementor-menu-toggle__icon--close eicon-close\"><\/i>\t\t\t<span class=\"elementor-screen-only\">Menu<\/span>\n\t\t<\/div>\n\t\t\t\t\t<nav class=\"elementor-nav-menu--dropdown elementor-nav-menu__container\" aria-hidden=\"true\">\n\t\t\t\t<ul id=\"menu-2-6bb6ad0\" class=\"elementor-nav-menu sm-vertical\"><li class=\"menu-item menu-item-type-post_type menu-item-object-page menu-item-1289\"><a href=\"https:\/\/ekopark.webimagin.pl\/?page_id=1169\" class=\"elementor-item\" tabindex=\"-1\">EKO ciekawostki<\/a><\/li>\n<li class=\"menu-item menu-item-type-post_type menu-item-object-page menu-item-1288\"><a href=\"https:\/\/ekopark.webimagin.pl\/?page_id=1171\" class=\"elementor-item\" tabindex=\"-1\">EKO terminy<\/a><\/li>\n<li class=\"menu-item menu-item-type-post_type menu-item-object-page menu-item-1287\"><a href=\"https:\/\/ekopark.webimagin.pl\/?page_id=1173\" class=\"elementor-item\" tabindex=\"-1\">EKO s\u0142ownik<\/a><\/li>\n<li class=\"menu-item menu-item-type-post_type menu-item-object-page menu-item-1286\"><a href=\"https:\/\/ekopark.webimagin.pl\/?page_id=1175\" class=\"elementor-item\" tabindex=\"-1\">Przydatne strony WWW<\/a><\/li>\n<li class=\"menu-item menu-item-type-post_type menu-item-object-page menu-item-1285\"><a href=\"https:\/\/ekopark.webimagin.pl\/?page_id=1177\" class=\"elementor-item\" tabindex=\"-1\">Odpady w Polsce<\/a><\/li>\n<li class=\"menu-item menu-item-type-post_type menu-item-object-page menu-item-1284\"><a href=\"https:\/\/ekopark.webimagin.pl\/?page_id=1179\" class=\"elementor-item\" tabindex=\"-1\">EKO tapety<\/a><\/li>\n<li class=\"menu-item menu-item-type-post_type menu-item-object-page menu-item-1531\"><a href=\"https:\/\/ekopark.webimagin.pl\/?page_id=1181\" class=\"elementor-item\" tabindex=\"-1\">Wyszukiwarka odpad\u00f3w<\/a><\/li>\n<\/ul>\t\t\t<\/nav>\n\t\t\t\t<\/div>\n\t\t\t\t<\/div>\n\t\t\t\t<div class=\"elementor-element elementor-element-e5ddcd8 elementor-widget elementor-widget-image\" data-id=\"e5ddcd8\" data-element_type=\"widget\" data-widget_type=\"image.default\">\n\t\t\t\t<div class=\"elementor-widget-container\">\n\t\t\t<style>\/*! elementor - v3.10.1 - 17-01-2023 *\/\n.elementor-widget-image{text-align:center}.elementor-widget-image a{display:inline-block}.elementor-widget-image a img[src$=\".svg\"]{width:48px}.elementor-widget-image img{vertical-align:middle;display:inline-block}<\/style>\t\t\t\t\t\t\t\t\t\t\t\t\t<a href=\"https:\/\/bioremediacja.pl\/\">\n\t\t\t\t\t\t\t<img loading=\"lazy\" decoding=\"async\" width=\"600\" height=\"200\" src=\"https:\/\/ekopark.webimagin.pl\/wp-content\/uploads\/2023\/02\/bioremediacja.pl3_.gif\" class=\"attachment-large size-large wp-image-482\" alt=\"bioremediacja banner\" \/>\t\t\t\t\t\t\t\t<\/a>\n\t\t\t\t\t\t\t\t\t\t\t\t\t\t\t<\/div>\n\t\t\t\t<\/div>\n\t\t\t\t<div class=\"elementor-element elementor-element-a5338d5 elementor-widget elementor-widget-image\" data-id=\"a5338d5\" data-element_type=\"widget\" data-widget_type=\"image.default\">\n\t\t\t\t<div class=\"elementor-widget-container\">\n\t\t\t\t\t\t\t\t\t\t\t\t\t\t\t\t<a href=\"https:\/\/ekopark.tv\/\">\n\t\t\t\t\t\t\t<img loading=\"lazy\" decoding=\"async\" width=\"600\" height=\"200\" src=\"https:\/\/ekopark.webimagin.pl\/wp-content\/uploads\/2023\/02\/EKOPARK.TV5_.gif\" class=\"attachment-large size-large wp-image-484\" alt=\"\" \/>\t\t\t\t\t\t\t\t<\/a>\n\t\t\t\t\t\t\t\t\t\t\t\t\t\t\t<\/div>\n\t\t\t\t<\/div>\n\t\t\t\t<div class=\"elementor-element elementor-element-0a002d4 elementor-widget elementor-widget-image\" data-id=\"0a002d4\" data-element_type=\"widget\" data-widget_type=\"image.default\">\n\t\t\t\t<div class=\"elementor-widget-container\">\n\t\t\t\t\t\t\t\t\t\t\t\t\t\t\t\t<a href=\"https:\/\/segregacja.info.pl\/\">\n\t\t\t\t\t\t\t<img loading=\"lazy\" decoding=\"async\" width=\"600\" height=\"200\" src=\"https:\/\/ekopark.webimagin.pl\/wp-content\/uploads\/2023\/02\/segregacja.info_.pl2_.gif\" class=\"attachment-large size-large wp-image-485\" alt=\"segregacja.info.pl banner\" \/>\t\t\t\t\t\t\t\t<\/a>\n\t\t\t\t\t\t\t\t\t\t\t\t\t\t\t<\/div>\n\t\t\t\t<\/div>\n\t\t\t\t<div class=\"elementor-element elementor-element-dcb12a7 elementor-widget elementor-widget-image\" data-id=\"dcb12a7\" data-element_type=\"widget\" data-widget_type=\"image.default\">\n\t\t\t\t<div class=\"elementor-widget-container\">\n\t\t\t\t\t\t\t\t\t\t\t\t\t\t\t\t<a href=\"https:\/\/radynaodpady.info\/\">\n\t\t\t\t\t\t\t<img loading=\"lazy\" decoding=\"async\" width=\"600\" height=\"200\" src=\"https:\/\/ekopark.webimagin.pl\/wp-content\/uploads\/2023\/02\/Rady-na-Odpady2.gif\" class=\"attachment-large size-large wp-image-486\" alt=\"radynaodpady.info banner\" \/>\t\t\t\t\t\t\t\t<\/a>\n\t\t\t\t\t\t\t\t\t\t\t\t\t\t\t<\/div>\n\t\t\t\t<\/div>\n\t\t\t\t\t<\/div>\n\t\t<\/div>\n\t\t\t\t\t\t\t<\/div>\n\t\t<\/section>\n\t\t\t\t\t\t\t<\/div>\n\t\t","protected":false},"excerpt":{"rendered":"<p>EKO s\u0142ownik A Azbest &#8211; w\u0142\u00f3kniste odmiany minera\u0142\u00f3w wyst\u0119puj\u0105ce w przyrodzie w postaci wi\u0105zek w\u0142\u00f3kien cechuj\u0105cych si\u0119 du\u017c\u0105 wytrzyma\u0142o\u015bci\u0105 na rozci\u0105ganie, elastyczno\u015bci\u0105 i odporno\u015bci\u0105 na dzia\u0142anie czynnik\u00f3w chemicznych i fizycznych. Szkodliwo\u015b\u0107 w\u0142\u00f3kien azbestowych zale\u017cy od \u015brednicy i d\u0142ugo\u015bci w\u0142\u00f3kien. Wi\u0119ksze w\u0142\u00f3kna nie s\u0105 tak szkodliwe, gdy\u017c w wi\u0119kszo\u015bci zatrzymuj\u0105 si\u0119 w g\u00f3rnych drogach oddechowych sk\u0105d [&hellip;]<\/p>\n","protected":false},"author":1,"featured_media":0,"parent":71,"menu_order":0,"comment_status":"closed","ping_status":"closed","template":"","meta":{"footnotes":""},"class_list":["post-1173","page","type-page","status-publish","hentry"],"_links":{"self":[{"href":"https:\/\/ekopark.webimagin.pl\/index.php?rest_route=\/wp\/v2\/pages\/1173","targetHints":{"allow":["GET"]}}],"collection":[{"href":"https:\/\/ekopark.webimagin.pl\/index.php?rest_route=\/wp\/v2\/pages"}],"about":[{"href":"https:\/\/ekopark.webimagin.pl\/index.php?rest_route=\/wp\/v2\/types\/page"}],"author":[{"embeddable":true,"href":"https:\/\/ekopark.webimagin.pl\/index.php?rest_route=\/wp\/v2\/users\/1"}],"replies":[{"embeddable":true,"href":"https:\/\/ekopark.webimagin.pl\/index.php?rest_route=%2Fwp%2Fv2%2Fcomments&post=1173"}],"version-history":[{"count":10,"href":"https:\/\/ekopark.webimagin.pl\/index.php?rest_route=\/wp\/v2\/pages\/1173\/revisions"}],"predecessor-version":[{"id":1617,"href":"https:\/\/ekopark.webimagin.pl\/index.php?rest_route=\/wp\/v2\/pages\/1173\/revisions\/1617"}],"up":[{"embeddable":true,"href":"https:\/\/ekopark.webimagin.pl\/index.php?rest_route=\/wp\/v2\/pages\/71"}],"wp:attachment":[{"href":"https:\/\/ekopark.webimagin.pl\/index.php?rest_route=%2Fwp%2Fv2%2Fmedia&parent=1173"}],"curies":[{"name":"wp","href":"https:\/\/api.w.org\/{rel}","templated":true}]}}