{"id":1175,"date":"2023-02-03T22:06:17","date_gmt":"2023-02-03T21:06:17","guid":{"rendered":"https:\/\/ekopark.webimagin.pl\/?page_id=1175"},"modified":"2023-02-05T14:21:45","modified_gmt":"2023-02-05T13:21:45","slug":"przydatne-strony-www","status":"publish","type":"page","link":"https:\/\/ekopark.webimagin.pl\/?page_id=1175","title":{"rendered":"Przydatne strony WWW"},"content":{"rendered":"\t\t<div data-elementor-type=\"wp-page\" data-elementor-id=\"1175\" class=\"elementor elementor-1175\">\n\t\t\t\t\t\t\t\t\t<section class=\"elementor-section elementor-top-section elementor-element elementor-element-1152fa2 elementor-section-boxed elementor-section-height-default elementor-section-height-default\" data-id=\"1152fa2\" data-element_type=\"section\">\n\t\t\t\t\t\t<div class=\"elementor-container elementor-column-gap-default\">\n\t\t\t\t\t<div class=\"elementor-column elementor-col-50 elementor-top-column elementor-element elementor-element-013fdf1\" data-id=\"013fdf1\" data-element_type=\"column\">\n\t\t\t<div class=\"elementor-widget-wrap elementor-element-populated\">\n\t\t\t\t\t\t\t\t<div class=\"elementor-element elementor-element-c977565 elementor-widget elementor-widget-heading\" data-id=\"c977565\" data-element_type=\"widget\" data-widget_type=\"heading.default\">\n\t\t\t\t<div class=\"elementor-widget-container\">\n\t\t\t<style>\/*! elementor - v3.10.1 - 17-01-2023 *\/\n.elementor-heading-title{padding:0;margin:0;line-height:1}.elementor-widget-heading .elementor-heading-title[class*=elementor-size-]>a{color:inherit;font-size:inherit;line-height:inherit}.elementor-widget-heading .elementor-heading-title.elementor-size-small{font-size:15px}.elementor-widget-heading .elementor-heading-title.elementor-size-medium{font-size:19px}.elementor-widget-heading .elementor-heading-title.elementor-size-large{font-size:29px}.elementor-widget-heading .elementor-heading-title.elementor-size-xl{font-size:39px}.elementor-widget-heading .elementor-heading-title.elementor-size-xxl{font-size:59px}<\/style><h2 class=\"elementor-heading-title elementor-size-medium\">Przydatne strony WWW<\/h2>\t\t<\/div>\n\t\t\t\t<\/div>\n\t\t\t\t<div class=\"elementor-element elementor-element-f03592b elementor-widget elementor-widget-text-editor\" data-id=\"f03592b\" data-element_type=\"widget\" data-widget_type=\"text-editor.default\">\n\t\t\t\t<div class=\"elementor-widget-container\">\n\t\t\t<style>\/*! elementor - v3.10.1 - 17-01-2023 *\/\n.elementor-widget-text-editor.elementor-drop-cap-view-stacked .elementor-drop-cap{background-color:#818a91;color:#fff}.elementor-widget-text-editor.elementor-drop-cap-view-framed .elementor-drop-cap{color:#818a91;border:3px solid;background-color:transparent}.elementor-widget-text-editor:not(.elementor-drop-cap-view-default) .elementor-drop-cap{margin-top:8px}.elementor-widget-text-editor:not(.elementor-drop-cap-view-default) .elementor-drop-cap-letter{width:1em;height:1em}.elementor-widget-text-editor .elementor-drop-cap{float:left;text-align:center;line-height:1;font-size:50px}.elementor-widget-text-editor .elementor-drop-cap-letter{display:inline-block}<\/style>\t\t\t\t<p>Europejska Agencja Ochrony \u015arodowiska &#8211; <a href=\"http:\/\/www.eea.europa.eu\/pl\" target=\"_blank\" rel=\"noopener\">www.eea.europa.eu\/pl<\/a><a href=\"http:\/\/www.eea.europa.eu\/pl\"><br \/><br \/><\/a>Agencja Ochrony \u015arodowiska \u2013 <a href=\"http:\/\/www.ekopark.info.pl\/\" target=\"_blank\" rel=\"noopener\">www.ekopark.info.pl<\/a><a href=\"http:\/\/www.ekopark.info.pl\"><br \/><br \/><\/a>Ministerstwo \u015arodowiska &#8211; <a href=\"http:\/\/www.mos.gov.pl\/\" target=\"_blank\" rel=\"noopener\">www.mos.gov.pl<\/a><a href=\"http:\/\/www.mos.gov.pl\"><br \/><br \/><\/a>G\u0142\u00f3wny Inspektorat Ochrony \u015arodowiska \u2013 <a href=\"http:\/\/www.gios.gov.pl\/\" target=\"_blank\" rel=\"noopener\">www.gios.gov.pl<\/a><a href=\"http:\/\/www.gios.gov.pl\"><br \/><br \/><\/a>Wojew\u00f3dzki Inspektorat Ochrony \u015arodowiska \u2013 <a href=\"http:\/\/www.wios.warszawa.pl\/\" target=\"_blank\" rel=\"noopener\">www.wios.warszawa.pl<\/a><a href=\"http:\/\/www.wios.warszawa.pl\"><br \/><br \/><\/a>Urz\u0105d Marsza\u0142kowski Wojew\u00f3dztwa Mazowieckiego \u2013 <a href=\"http:\/\/www.mazovia.pl\/\" target=\"_blank\" rel=\"noopener\">www.mazovia.pl<\/a><a href=\"http:\/\/www.mazovia.pl\"><br \/><br \/><\/a>Stowarzyszenie Polskich Przedsi\u0119biorc\u00f3w Gospodarki Odpadami \u2013 <a href=\"http:\/\/www.sppgo.pl\/\" target=\"_blank\" rel=\"noopener\">www.sppgo.pl<\/a><br \/><br \/>Sejm Rzeczypospolitej Polskiej \u2013 <a href=\"http:\/\/www.sejm.gov.pl\" target=\"_blank\" rel=\"noopener\">www.sejm.gov.pl<\/a><\/p>\t\t\t\t\t\t<\/div>\n\t\t\t\t<\/div>\n\t\t\t\t\t<\/div>\n\t\t<\/div>\n\t\t\t\t<div class=\"elementor-column elementor-col-50 elementor-top-column elementor-element elementor-element-1b675f0\" data-id=\"1b675f0\" data-element_type=\"column\">\n\t\t\t<div class=\"elementor-widget-wrap elementor-element-populated\">\n\t\t\t\t\t\t\t\t<div class=\"elementor-element elementor-element-c110e55 elementor-nav-menu--dropdown-tablet elementor-nav-menu__text-align-aside elementor-nav-menu--toggle elementor-nav-menu--burger elementor-widget elementor-widget-nav-menu\" data-id=\"c110e55\" data-element_type=\"widget\" data-settings=\"{&quot;layout&quot;:&quot;vertical&quot;,&quot;submenu_icon&quot;:{&quot;value&quot;:&quot;&lt;i class=\\&quot;fas fa-caret-down\\&quot;&gt;&lt;\\\/i&gt;&quot;,&quot;library&quot;:&quot;fa-solid&quot;},&quot;toggle&quot;:&quot;burger&quot;}\" data-widget_type=\"nav-menu.default\">\n\t\t\t\t<div class=\"elementor-widget-container\">\n\t\t\t<link rel=\"stylesheet\" href=\"https:\/\/ekopark.webimagin.pl\/wp-content\/plugins\/elementor-pro\/assets\/css\/widget-nav-menu.min.css\">\t\t\t<nav migration_allowed=\"1\" migrated=\"0\" class=\"elementor-nav-menu--main elementor-nav-menu__container elementor-nav-menu--layout-vertical e--pointer-none\">\n\t\t\t\t<ul id=\"menu-1-c110e55\" class=\"elementor-nav-menu sm-vertical\"><li class=\"menu-item menu-item-type-post_type menu-item-object-page menu-item-1289\"><a href=\"https:\/\/ekopark.webimagin.pl\/?page_id=1169\" class=\"elementor-item\">EKO ciekawostki<\/a><\/li>\n<li class=\"menu-item menu-item-type-post_type menu-item-object-page menu-item-1288\"><a href=\"https:\/\/ekopark.webimagin.pl\/?page_id=1171\" class=\"elementor-item\">EKO terminy<\/a><\/li>\n<li class=\"menu-item menu-item-type-post_type menu-item-object-page menu-item-1287\"><a href=\"https:\/\/ekopark.webimagin.pl\/?page_id=1173\" class=\"elementor-item\">EKO s\u0142ownik<\/a><\/li>\n<li class=\"menu-item menu-item-type-post_type menu-item-object-page menu-item-1286\"><a href=\"https:\/\/ekopark.webimagin.pl\/?page_id=1175\" class=\"elementor-item\">Przydatne strony WWW<\/a><\/li>\n<li class=\"menu-item menu-item-type-post_type menu-item-object-page menu-item-1285\"><a href=\"https:\/\/ekopark.webimagin.pl\/?page_id=1177\" class=\"elementor-item\">Odpady w Polsce<\/a><\/li>\n<li class=\"menu-item menu-item-type-post_type menu-item-object-page menu-item-1284\"><a href=\"https:\/\/ekopark.webimagin.pl\/?page_id=1179\" class=\"elementor-item\">EKO tapety<\/a><\/li>\n<li class=\"menu-item menu-item-type-post_type menu-item-object-page menu-item-1531\"><a href=\"https:\/\/ekopark.webimagin.pl\/?page_id=1181\" class=\"elementor-item\">Wyszukiwarka odpad\u00f3w<\/a><\/li>\n<\/ul>\t\t\t<\/nav>\n\t\t\t\t\t<div class=\"elementor-menu-toggle\" role=\"button\" tabindex=\"0\" aria-label=\"Menu Toggle\" aria-expanded=\"false\">\n\t\t\t<i aria-hidden=\"true\" role=\"presentation\" class=\"elementor-menu-toggle__icon--open eicon-menu-bar\"><\/i><i aria-hidden=\"true\" role=\"presentation\" class=\"elementor-menu-toggle__icon--close eicon-close\"><\/i>\t\t\t<span class=\"elementor-screen-only\">Menu<\/span>\n\t\t<\/div>\n\t\t\t\t\t<nav class=\"elementor-nav-menu--dropdown elementor-nav-menu__container\" aria-hidden=\"true\">\n\t\t\t\t<ul id=\"menu-2-c110e55\" class=\"elementor-nav-menu sm-vertical\"><li class=\"menu-item menu-item-type-post_type menu-item-object-page menu-item-1289\"><a href=\"https:\/\/ekopark.webimagin.pl\/?page_id=1169\" class=\"elementor-item\" tabindex=\"-1\">EKO ciekawostki<\/a><\/li>\n<li class=\"menu-item menu-item-type-post_type menu-item-object-page menu-item-1288\"><a href=\"https:\/\/ekopark.webimagin.pl\/?page_id=1171\" class=\"elementor-item\" tabindex=\"-1\">EKO terminy<\/a><\/li>\n<li class=\"menu-item menu-item-type-post_type menu-item-object-page menu-item-1287\"><a href=\"https:\/\/ekopark.webimagin.pl\/?page_id=1173\" class=\"elementor-item\" tabindex=\"-1\">EKO s\u0142ownik<\/a><\/li>\n<li class=\"menu-item menu-item-type-post_type menu-item-object-page menu-item-1286\"><a href=\"https:\/\/ekopark.webimagin.pl\/?page_id=1175\" class=\"elementor-item\" tabindex=\"-1\">Przydatne strony WWW<\/a><\/li>\n<li class=\"menu-item menu-item-type-post_type menu-item-object-page menu-item-1285\"><a href=\"https:\/\/ekopark.webimagin.pl\/?page_id=1177\" class=\"elementor-item\" tabindex=\"-1\">Odpady w Polsce<\/a><\/li>\n<li class=\"menu-item menu-item-type-post_type menu-item-object-page menu-item-1284\"><a href=\"https:\/\/ekopark.webimagin.pl\/?page_id=1179\" class=\"elementor-item\" tabindex=\"-1\">EKO tapety<\/a><\/li>\n<li class=\"menu-item menu-item-type-post_type menu-item-object-page menu-item-1531\"><a href=\"https:\/\/ekopark.webimagin.pl\/?page_id=1181\" class=\"elementor-item\" tabindex=\"-1\">Wyszukiwarka odpad\u00f3w<\/a><\/li>\n<\/ul>\t\t\t<\/nav>\n\t\t\t\t<\/div>\n\t\t\t\t<\/div>\n\t\t\t\t<div class=\"elementor-element elementor-element-5f07e27 elementor-widget elementor-widget-image\" data-id=\"5f07e27\" data-element_type=\"widget\" data-widget_type=\"image.default\">\n\t\t\t\t<div class=\"elementor-widget-container\">\n\t\t\t<style>\/*! elementor - v3.10.1 - 17-01-2023 *\/\n.elementor-widget-image{text-align:center}.elementor-widget-image a{display:inline-block}.elementor-widget-image a img[src$=\".svg\"]{width:48px}.elementor-widget-image img{vertical-align:middle;display:inline-block}<\/style>\t\t\t\t\t\t\t\t\t\t\t\t\t<a href=\"https:\/\/bioremediacja.pl\/\">\n\t\t\t\t\t\t\t<img loading=\"lazy\" decoding=\"async\" width=\"600\" height=\"200\" src=\"https:\/\/ekopark.webimagin.pl\/wp-content\/uploads\/2023\/02\/bioremediacja.pl3_.gif\" class=\"attachment-large size-large wp-image-482\" alt=\"bioremediacja banner\" \/>\t\t\t\t\t\t\t\t<\/a>\n\t\t\t\t\t\t\t\t\t\t\t\t\t\t\t<\/div>\n\t\t\t\t<\/div>\n\t\t\t\t<div class=\"elementor-element elementor-element-b7142c7 elementor-widget elementor-widget-image\" data-id=\"b7142c7\" data-element_type=\"widget\" data-widget_type=\"image.default\">\n\t\t\t\t<div class=\"elementor-widget-container\">\n\t\t\t\t\t\t\t\t\t\t\t\t\t\t\t\t<a href=\"https:\/\/ekopark.tv\/\">\n\t\t\t\t\t\t\t<img loading=\"lazy\" decoding=\"async\" width=\"600\" height=\"200\" src=\"https:\/\/ekopark.webimagin.pl\/wp-content\/uploads\/2023\/02\/EKOPARK.TV5_.gif\" class=\"attachment-large size-large wp-image-484\" alt=\"\" \/>\t\t\t\t\t\t\t\t<\/a>\n\t\t\t\t\t\t\t\t\t\t\t\t\t\t\t<\/div>\n\t\t\t\t<\/div>\n\t\t\t\t<div class=\"elementor-element elementor-element-05674fa elementor-widget elementor-widget-image\" data-id=\"05674fa\" data-element_type=\"widget\" data-widget_type=\"image.default\">\n\t\t\t\t<div class=\"elementor-widget-container\">\n\t\t\t\t\t\t\t\t\t\t\t\t\t\t\t\t<a href=\"https:\/\/segregacja.info.pl\/\">\n\t\t\t\t\t\t\t<img loading=\"lazy\" decoding=\"async\" width=\"600\" height=\"200\" src=\"https:\/\/ekopark.webimagin.pl\/wp-content\/uploads\/2023\/02\/segregacja.info_.pl2_.gif\" class=\"attachment-large size-large wp-image-485\" alt=\"segregacja.info.pl banner\" \/>\t\t\t\t\t\t\t\t<\/a>\n\t\t\t\t\t\t\t\t\t\t\t\t\t\t\t<\/div>\n\t\t\t\t<\/div>\n\t\t\t\t<div class=\"elementor-element elementor-element-340696a elementor-widget elementor-widget-image\" data-id=\"340696a\" data-element_type=\"widget\" data-widget_type=\"image.default\">\n\t\t\t\t<div class=\"elementor-widget-container\">\n\t\t\t\t\t\t\t\t\t\t\t\t\t\t\t\t<a href=\"https:\/\/radynaodpady.info\/\">\n\t\t\t\t\t\t\t<img loading=\"lazy\" decoding=\"async\" width=\"600\" height=\"200\" src=\"https:\/\/ekopark.webimagin.pl\/wp-content\/uploads\/2023\/02\/Rady-na-Odpady2.gif\" class=\"attachment-large size-large wp-image-486\" alt=\"radynaodpady.info banner\" \/>\t\t\t\t\t\t\t\t<\/a>\n\t\t\t\t\t\t\t\t\t\t\t\t\t\t\t<\/div>\n\t\t\t\t<\/div>\n\t\t\t\t\t<\/div>\n\t\t<\/div>\n\t\t\t\t\t\t\t<\/div>\n\t\t<\/section>\n\t\t\t\t\t\t\t<\/div>\n\t\t","protected":false},"excerpt":{"rendered":"<p>Przydatne strony WWW Europejska Agencja Ochrony \u015arodowiska &#8211; www.eea.europa.eu\/pl Agencja Ochrony \u015arodowiska \u2013 www.ekopark.info.pl Ministerstwo \u015arodowiska &#8211; www.mos.gov.pl G\u0142\u00f3wny Inspektorat Ochrony \u015arodowiska \u2013 www.gios.gov.pl Wojew\u00f3dzki Inspektorat Ochrony \u015arodowiska \u2013 www.wios.warszawa.pl Urz\u0105d Marsza\u0142kowski Wojew\u00f3dztwa Mazowieckiego \u2013 www.mazovia.pl Stowarzyszenie Polskich Przedsi\u0119biorc\u00f3w Gospodarki Odpadami \u2013 www.sppgo.pl Sejm Rzeczypospolitej Polskiej \u2013 www.sejm.gov.pl<\/p>\n","protected":false},"author":1,"featured_media":0,"parent":71,"menu_order":0,"comment_status":"closed","ping_status":"closed","template":"","meta":{"footnotes":""},"class_list":["post-1175","page","type-page","status-publish","hentry"],"_links":{"self":[{"href":"https:\/\/ekopark.webimagin.pl\/index.php?rest_route=\/wp\/v2\/pages\/1175","targetHints":{"allow":["GET"]}}],"collection":[{"href":"https:\/\/ekopark.webimagin.pl\/index.php?rest_route=\/wp\/v2\/pages"}],"about":[{"href":"https:\/\/ekopark.webimagin.pl\/index.php?rest_route=\/wp\/v2\/types\/page"}],"author":[{"embeddable":true,"href":"https:\/\/ekopark.webimagin.pl\/index.php?rest_route=\/wp\/v2\/users\/1"}],"replies":[{"embeddable":true,"href":"https:\/\/ekopark.webimagin.pl\/index.php?rest_route=%2Fwp%2Fv2%2Fcomments&post=1175"}],"version-history":[{"count":13,"href":"https:\/\/ekopark.webimagin.pl\/index.php?rest_route=\/wp\/v2\/pages\/1175\/revisions"}],"predecessor-version":[{"id":1620,"href":"https:\/\/ekopark.webimagin.pl\/index.php?rest_route=\/wp\/v2\/pages\/1175\/revisions\/1620"}],"up":[{"embeddable":true,"href":"https:\/\/ekopark.webimagin.pl\/index.php?rest_route=\/wp\/v2\/pages\/71"}],"wp:attachment":[{"href":"https:\/\/ekopark.webimagin.pl\/index.php?rest_route=%2Fwp%2Fv2%2Fmedia&parent=1175"}],"curies":[{"name":"wp","href":"https:\/\/api.w.org\/{rel}","templated":true}]}}