{"id":1177,"date":"2023-02-03T22:06:33","date_gmt":"2023-02-03T21:06:33","guid":{"rendered":"https:\/\/ekopark.webimagin.pl\/?page_id=1177"},"modified":"2023-02-05T14:22:05","modified_gmt":"2023-02-05T13:22:05","slug":"odpady-w-polsce","status":"publish","type":"page","link":"https:\/\/ekopark.webimagin.pl\/?page_id=1177","title":{"rendered":"Odpady w Polsce"},"content":{"rendered":"\t\t<div data-elementor-type=\"wp-page\" data-elementor-id=\"1177\" class=\"elementor elementor-1177\">\n\t\t\t\t\t\t\t\t\t<section class=\"elementor-section elementor-top-section elementor-element elementor-element-5448002 elementor-section-boxed elementor-section-height-default elementor-section-height-default\" data-id=\"5448002\" data-element_type=\"section\">\n\t\t\t\t\t\t<div class=\"elementor-container elementor-column-gap-default\">\n\t\t\t\t\t<div class=\"elementor-column elementor-col-50 elementor-top-column elementor-element elementor-element-f23754a\" data-id=\"f23754a\" data-element_type=\"column\">\n\t\t\t<div class=\"elementor-widget-wrap elementor-element-populated\">\n\t\t\t\t\t\t\t\t<div class=\"elementor-element elementor-element-1b52216 elementor-widget elementor-widget-heading\" data-id=\"1b52216\" data-element_type=\"widget\" data-widget_type=\"heading.default\">\n\t\t\t\t<div class=\"elementor-widget-container\">\n\t\t\t<style>\/*! elementor - v3.10.1 - 17-01-2023 *\/\n.elementor-heading-title{padding:0;margin:0;line-height:1}.elementor-widget-heading .elementor-heading-title[class*=elementor-size-]>a{color:inherit;font-size:inherit;line-height:inherit}.elementor-widget-heading .elementor-heading-title.elementor-size-small{font-size:15px}.elementor-widget-heading .elementor-heading-title.elementor-size-medium{font-size:19px}.elementor-widget-heading .elementor-heading-title.elementor-size-large{font-size:29px}.elementor-widget-heading .elementor-heading-title.elementor-size-xl{font-size:39px}.elementor-widget-heading .elementor-heading-title.elementor-size-xxl{font-size:59px}<\/style><h2 class=\"elementor-heading-title elementor-size-medium\">EKO terminy<\/h2>\t\t<\/div>\n\t\t\t\t<\/div>\n\t\t\t\t<div class=\"elementor-element elementor-element-7b196ac elementor-widget elementor-widget-text-editor\" data-id=\"7b196ac\" data-element_type=\"widget\" data-widget_type=\"text-editor.default\">\n\t\t\t\t<div class=\"elementor-widget-container\">\n\t\t\t<style>\/*! elementor - v3.10.1 - 17-01-2023 *\/\n.elementor-widget-text-editor.elementor-drop-cap-view-stacked .elementor-drop-cap{background-color:#818a91;color:#fff}.elementor-widget-text-editor.elementor-drop-cap-view-framed .elementor-drop-cap{color:#818a91;border:3px solid;background-color:transparent}.elementor-widget-text-editor:not(.elementor-drop-cap-view-default) .elementor-drop-cap{margin-top:8px}.elementor-widget-text-editor:not(.elementor-drop-cap-view-default) .elementor-drop-cap-letter{width:1em;height:1em}.elementor-widget-text-editor .elementor-drop-cap{float:left;text-align:center;line-height:1;font-size:50px}.elementor-widget-text-editor .elementor-drop-cap-letter{display:inline-block}<\/style>\t\t\t\t<section class=\"article-content clearfix\"><p>Wzrost liczby ludno\u015bci, wszechobecny konsumpcjonizm, coraz kr\u00f3tsza d\u0142ugo\u015b\u0107 \u017cycia produkowanych wyrob\u00f3w powoduj\u0105, \u017ce odpady stanowi\u0105 coraz wi\u0119kszy problem.<br \/><br \/>W Polsce pomimo wdro\u017cenia przepis\u00f3w deponowanie odpad\u00f3w na sk\u0142adowiskach jest najpowszechniejszym sposobem zagospodarowania odpad\u00f3w. Tymczasem w innych krajach europejskich, chocia\u017cby Szwecji, odpady poddawane s\u0105 przetwarzaniu w celu odzysku energii.<\/p><p>Przepisy dotycz\u0105ce odpad\u00f3w wprowadzi\u0142y szereg zasad, kt\u00f3re nale\u017cy uwzgl\u0119dni\u0107 aby gospodarka odpadami prowadzona by\u0142a w spos\u00f3b prawid\u0142owy. Wytyczne te dedykowane s\u0105 zar\u00f3wno do posiadaczy odpad\u00f3w, jak r\u00f3wnie\u017c nadzoruj\u0105cych ich organ\u00f3w. <br \/><br \/>Ka\u017cdy, kto podejmuje dzia\u0142ania powoduj\u0105ce lub mog\u0105ce powodowa\u0107 powstawanie odpad\u00f3w, powinien takie dzia\u0142ania planowa\u0107, projektowa\u0107 i prowadzi\u0107 zgodnie z poni\u017cszymi zasadami.<\/p><ul><li>Po pierwsze nale\u017cy zapobiega\u0107 powstawaniu odpad\u00f3w lub ogranicza\u0107 ilo\u015b\u0107 odpad\u00f3w i ich negatywne oddzia\u0142ywanie na \u015brodowisko na ka\u017cdym etapie cyklu \u017cycia produktu (produkcja, u\u017cytkowanie, pozbywanie si\u0119). Oznacza to, i\u017c obowi\u0105zek ten spoczywa zar\u00f3wno na wytw\u00f3rcach odpad\u00f3w, jak i na u\u017cytkownikach produkt\u00f3w.<\/li><li>Po drugie istnieje obowi\u0105zek zapewniania zgodnego z zasadami ochrony \u015brodowiska odzysku, je\u017celi nie uda\u0142o si\u0119 zapobiec powstawaniu odpad\u00f3w.<\/li><li>Po trzecie za\u015b przepisy dotycz\u0105ce post\u0119powania z odpadami przewiduj\u0105 obowi\u0105zek zgodnego z zasadami ochrony \u015brodowiska unieszkodliwiania odpad\u00f3w, kt\u00f3rych powstaniu nie uda\u0142o si\u0119 zapobiec lub kt\u00f3rych nie uda\u0142o si\u0119 podda\u0107 odzyskowi.<\/li><\/ul><p>Kolejno\u015b\u0107 wymienionych dzia\u0142a\u0144 ma znamienne znaczenie dla ca\u0142ej gospodarki odpadami.<\/p><p><br \/><strong>PAMI\u0118TAJ!<\/strong><br \/>w przypadku wytworzonych odpad\u00f3w, bezwzgl\u0119dne pierwsze\u0144stwo ma odzysk.\u00a0 Unieszkodliwianie odpad\u00f3w stosuje si\u0119 jedynie w przypadku, odzysk nie by\u0142 mo\u017cliwy.<\/p><p><br \/><strong>CO NOWEGO???<\/strong><br \/><br \/>23 stycznia 2013 r. wesz\u0142a w \u017cycie Ustawa z dnia 14 grudnia 2012 r. o odpadach, zast\u0119puj\u0105ca Ustaw\u0119 z dnia 27 kwietnia 2001 r. o odpadach. <br \/>Ustawa o odpadach zobowi\u0105zuje organy administracji publicznej do podejmowania dzia\u0142a\u0144 wspieraj\u0105cych przygotowanie do ponownego u\u017cycia odpad\u00f3w w szczeg\u00f3lno\u015bci poprzez zach\u0119canie do tworzenia sieci ponownego wykorzystania i napraw oraz stwarzania ekonomicznych zach\u0119t. <br \/><br \/>Ustawa wprowadza nowe poj\u0119cia u\u017cytkownik\u00f3w systemu, tj.:<\/p><ul><li><strong>Posiadacz odpad\u00f3w<\/strong> \u2013 to ka\u017cdy, kto faktycznie w\u0142ada odpadami (wytw\u00f3rca odpad\u00f3w, inna osoba fizyczna, osoba prawna lub jednostka organizacyjna), z wy\u0142\u0105czeniem prowadz\u0105cego dzia\u0142alno\u015b\u0107 w zakresie transportu odpad\u00f3w. Zgodnie z ustaw\u0105 o odpadach domniemywa si\u0119, \u017ce w\u0142adaj\u0105cy powierzchni\u0105 ziemi jest posiadaczem odpad\u00f3w znajduj\u0105cych si\u0119 na nieruchomo\u015bci;<\/li><li><strong>Po\u015brednik w obrocie odpadami<\/strong>\u00a0 &#8211; to ka\u017cdy podmiot, kt\u00f3ry organizuje przetwarzanie odpad\u00f3w w imieniu innych;<\/li><li><strong>Sprzedawca odpad\u00f3w<\/strong> &#8211; to podmiot, kt\u00f3ry nabywa, a nast\u0119pnie zbywa odpady we w\u0142asnym imieniu, w tym r\u00f3wnie\u017c podmiot, kt\u00f3ry nie obejmuje odpad\u00f3w fizycznie w posiadanie.<\/li><\/ul><p><strong><br \/>Przekazywanie odpad\u00f3w<\/strong><br \/><br \/><strong>Wytw\u00f3rca odpad\u00f3w<\/strong> lub inny posiadacz odpad\u00f3w mo\u017ce zleci\u0107 wykonanie obowi\u0105zku gospodarowania odpadami wy\u0142\u0105cznie podmiotom, kt\u00f3re posiadaj\u0105:<\/p><ul><li>zezwolenie na zbieranie odpad\u00f3w lub zezwolenie na przetwarzanie odpad\u00f3w lub<\/li><li>koncesj\u0119 na podziemne sk\u0142adowanie odpad\u00f3w, pozwolenie zintegrowane, decyzj\u0119 zatwierdzaj\u0105c\u0105 program gospodarowania odpadami wydobywczymi, zezwolenie na prowadzenie obiektu unieszkodliwiania odpad\u00f3w wydobywczych lub wpis do rejestru dzia\u0142alno\u015bci regulowanej w zakresie odbierania odpad\u00f3w komunalnych od w\u0142a\u015bcicieli nieruchomo\u015bci \u2013 na podstawie odr\u0119bnych przepis\u00f3w, lub<\/li><li>wpis do rejestru w zakresie, o kt\u00f3rym mowa w art. 50 ust. 1 pkt. 5 Ustawy o odpadach,<\/li><\/ul><p>chyba \u017ce taka dzia\u0142alno\u015b\u0107 nie wymaga uzyskania decyzji ani wpisu do rejestru (np. przekazywanie odpad\u00f3w osobom fizycznym).<\/p><p><strong>Wytw\u00f3rca odpad\u00f3w<\/strong> lub inny posiadacz odpad\u00f3w przekazuj\u0105cy odpady nast\u0119pnemu posiadaczowi odpad\u00f3w, kt\u00f3ry posiada w\u0142a\u015bciw\u0105 decyzj\u0119 albo wpis do rejestru, odpowiedzialno\u015b\u0107 za gospodarowanie odpadami, z chwil\u0105 ich przekazania, przechodzi na tego nast\u0119pnego posiadacza odpad\u00f3w.<\/p><p><strong>Posiadacza odpad\u00f3w<\/strong>, kt\u00f3ry przekaza\u0142 odpady transportuj\u0105cemu odpady, nie zwalnia si\u0119 z odpowiedzialno\u015bci za zbieranie lub przetwarzanie odpad\u00f3w, do czasu przej\u0119cia odpowiedzialno\u015bci przez nast\u0119pnego posiadacza odpad\u00f3w, kt\u00f3ry ma w\u0142a\u015bciw\u0105 decyzj\u0119 albo wpis do rejestru.<br \/>Sprzedawca odpad\u00f3w oraz po\u015brednik w obrocie odpadami nie przejmuj\u0105 odpowiedzialno\u015bci za gospodarowanie odpadami, je\u017celi nie s\u0105 posiadaczami tych odpad\u00f3w.<\/p><p><br \/><strong>Odpady opakowaniowe<\/strong><br \/><br \/>Z dniem 1 stycznia 2014 r. wesz\u0142a w \u017cycie Ustawa z dnia 13 czerwca 2013 r. o gospodarce opakowaniami i odpadami opakowaniowymi.<br \/><br \/>Okre\u015bla ona szczeg\u00f3\u0142owo wymagania, jakim powinny odpowiada\u0107 opakowania wprowadzane do obrotu, zasady dzia\u0142ania organizacji odzysku opakowa\u0144, zasady post\u0119powania z opakowaniami oraz odpadami opakowaniowymi, zasady ustalania i pobierania op\u0142aty produktowej. Ma to na celu m.in. zmniejszenie ilo\u015bci i szkodliwo\u015bci dla \u015brodowiska materia\u0142\u00f3w i substancji zawartych w opakowaniach i odpadach opakowaniowych oraz ilo\u015bci i szkodliwo\u015bci dla \u015brodowiska opakowa\u0144 i odpad\u00f3w opakowaniowych na etapie procesu produkcyjnego. <br \/><br \/>Ponadto ustawa okre\u015bla prawa i obowi\u0105zki przedsi\u0119biorc\u00f3w b\u0119d\u0105cych organizacjami odzysku opakowa\u0144, wprowadzaj\u0105cych opakowania, wprowadzaj\u0105cych produkty w opakowaniach oraz prowadz\u0105cych dzia\u0142alno\u015b\u0107 gospodarcz\u0105 w zakresie wewn\u0105trzwsp\u00f3lnotowej dostawy odpad\u00f3w opakowaniowych i produkt\u00f3w w opakowaniach, dystrybucji produkt\u00f3w w opakowaniach oraz eksportu odpad\u00f3w opakowaniowych, opakowa\u0144 i produkt\u00f3w w opakowaniach. Nowe przepisy okre\u015blaj\u0105 r\u00f3wnie\u017c obowi\u0105zki u\u017cytkownik\u00f3w \u015brodk\u00f3w niebezpiecznych, b\u0119d\u0105cych \u015brodkami ochrony ro\u015blin.<br \/><br \/>Ustawa wprowadza kilka nowych rozwi\u0105za\u0144:<\/p><ul><li>pozwala na zawarcie przez organizacje samorz\u0105du gospodarczego porozumienia z marsza\u0142kiem wojew\u00f3dztwa w zakresie utworzenia i utrzymania systemu zagospodarowania odpad\u00f3w opakowaniowych wielomateria\u0142owych oraz po \u015brodkach niebezpiecznych;<\/li><li>zwalnia z obowi\u0105zku uzyskania wymaganych poziom\u00f3w odzysku i recyklingu odpad\u00f3w opakowaniowych, w tym dotycz\u0105cych op\u0142aty produktowej oraz dokument\u00f3w potwierdzaj\u0105cych recykling lub inne ni\u017c recykling procesy odzysku odpad\u00f3w opakowaniowych dla przedsi\u0119biorc\u00f3w wprowadzaj\u0105cych produkty w opakowaniach, kt\u00f3rzy w danym roku kalendarzowym wprowadzili do obrotu produkty w opakowaniach o \u0142\u0105cznej masie opakowa\u0144 nieprzekraczaj\u0105cej 1 Mg. Zwolnienie to stanowi pomoc de minimis;<\/li><li>zwi\u0119ksza nadz\u00f3r nad przedsi\u0119biorcami prowadz\u0105cymi odzysk lub recykling oraz przedsi\u0119biorcami eksportuj\u0105cy odpady opakowaniowe i dokonuj\u0105cymi wewn\u0105trzwsp\u00f3lnotowej dostawy tych odpad\u00f3w, kt\u00f3rzy od 2016 r. b\u0119d\u0105 zobowi\u0105zani do prowadzenia rocznego audytu zewn\u0119trznego. Audyty b\u0119d\u0105 przeprowadzane przez akredytowanego audytora EMAS.<\/li><\/ul><\/section>\t\t\t\t\t\t<\/div>\n\t\t\t\t<\/div>\n\t\t\t\t\t<\/div>\n\t\t<\/div>\n\t\t\t\t<div class=\"elementor-column elementor-col-50 elementor-top-column elementor-element elementor-element-038e07f\" data-id=\"038e07f\" data-element_type=\"column\">\n\t\t\t<div class=\"elementor-widget-wrap elementor-element-populated\">\n\t\t\t\t\t\t\t\t<div class=\"elementor-element elementor-element-d6c01b6 elementor-nav-menu--dropdown-tablet elementor-nav-menu__text-align-aside elementor-nav-menu--toggle elementor-nav-menu--burger elementor-widget elementor-widget-nav-menu\" data-id=\"d6c01b6\" data-element_type=\"widget\" data-settings=\"{&quot;layout&quot;:&quot;vertical&quot;,&quot;submenu_icon&quot;:{&quot;value&quot;:&quot;&lt;i class=\\&quot;fas fa-caret-down\\&quot;&gt;&lt;\\\/i&gt;&quot;,&quot;library&quot;:&quot;fa-solid&quot;},&quot;toggle&quot;:&quot;burger&quot;}\" data-widget_type=\"nav-menu.default\">\n\t\t\t\t<div class=\"elementor-widget-container\">\n\t\t\t<link rel=\"stylesheet\" href=\"https:\/\/ekopark.webimagin.pl\/wp-content\/plugins\/elementor-pro\/assets\/css\/widget-nav-menu.min.css\">\t\t\t<nav migration_allowed=\"1\" migrated=\"0\" class=\"elementor-nav-menu--main elementor-nav-menu__container elementor-nav-menu--layout-vertical e--pointer-none\">\n\t\t\t\t<ul id=\"menu-1-d6c01b6\" class=\"elementor-nav-menu sm-vertical\"><li class=\"menu-item menu-item-type-post_type menu-item-object-page menu-item-1289\"><a href=\"https:\/\/ekopark.webimagin.pl\/?page_id=1169\" class=\"elementor-item\">EKO ciekawostki<\/a><\/li>\n<li class=\"menu-item menu-item-type-post_type menu-item-object-page menu-item-1288\"><a href=\"https:\/\/ekopark.webimagin.pl\/?page_id=1171\" class=\"elementor-item\">EKO terminy<\/a><\/li>\n<li class=\"menu-item menu-item-type-post_type menu-item-object-page menu-item-1287\"><a href=\"https:\/\/ekopark.webimagin.pl\/?page_id=1173\" class=\"elementor-item\">EKO s\u0142ownik<\/a><\/li>\n<li class=\"menu-item menu-item-type-post_type menu-item-object-page menu-item-1286\"><a href=\"https:\/\/ekopark.webimagin.pl\/?page_id=1175\" class=\"elementor-item\">Przydatne strony WWW<\/a><\/li>\n<li class=\"menu-item menu-item-type-post_type menu-item-object-page menu-item-1285\"><a href=\"https:\/\/ekopark.webimagin.pl\/?page_id=1177\" class=\"elementor-item\">Odpady w Polsce<\/a><\/li>\n<li class=\"menu-item menu-item-type-post_type menu-item-object-page menu-item-1284\"><a href=\"https:\/\/ekopark.webimagin.pl\/?page_id=1179\" class=\"elementor-item\">EKO tapety<\/a><\/li>\n<li class=\"menu-item menu-item-type-post_type menu-item-object-page menu-item-1531\"><a href=\"https:\/\/ekopark.webimagin.pl\/?page_id=1181\" class=\"elementor-item\">Wyszukiwarka odpad\u00f3w<\/a><\/li>\n<\/ul>\t\t\t<\/nav>\n\t\t\t\t\t<div class=\"elementor-menu-toggle\" role=\"button\" tabindex=\"0\" aria-label=\"Menu Toggle\" aria-expanded=\"false\">\n\t\t\t<i aria-hidden=\"true\" role=\"presentation\" class=\"elementor-menu-toggle__icon--open eicon-menu-bar\"><\/i><i aria-hidden=\"true\" role=\"presentation\" class=\"elementor-menu-toggle__icon--close eicon-close\"><\/i>\t\t\t<span class=\"elementor-screen-only\">Menu<\/span>\n\t\t<\/div>\n\t\t\t\t\t<nav class=\"elementor-nav-menu--dropdown elementor-nav-menu__container\" aria-hidden=\"true\">\n\t\t\t\t<ul id=\"menu-2-d6c01b6\" class=\"elementor-nav-menu sm-vertical\"><li class=\"menu-item menu-item-type-post_type menu-item-object-page menu-item-1289\"><a href=\"https:\/\/ekopark.webimagin.pl\/?page_id=1169\" class=\"elementor-item\" tabindex=\"-1\">EKO ciekawostki<\/a><\/li>\n<li class=\"menu-item menu-item-type-post_type menu-item-object-page menu-item-1288\"><a href=\"https:\/\/ekopark.webimagin.pl\/?page_id=1171\" class=\"elementor-item\" tabindex=\"-1\">EKO terminy<\/a><\/li>\n<li class=\"menu-item menu-item-type-post_type menu-item-object-page menu-item-1287\"><a href=\"https:\/\/ekopark.webimagin.pl\/?page_id=1173\" class=\"elementor-item\" tabindex=\"-1\">EKO s\u0142ownik<\/a><\/li>\n<li class=\"menu-item menu-item-type-post_type menu-item-object-page menu-item-1286\"><a href=\"https:\/\/ekopark.webimagin.pl\/?page_id=1175\" class=\"elementor-item\" tabindex=\"-1\">Przydatne strony WWW<\/a><\/li>\n<li class=\"menu-item menu-item-type-post_type menu-item-object-page menu-item-1285\"><a href=\"https:\/\/ekopark.webimagin.pl\/?page_id=1177\" class=\"elementor-item\" tabindex=\"-1\">Odpady w Polsce<\/a><\/li>\n<li class=\"menu-item menu-item-type-post_type menu-item-object-page menu-item-1284\"><a href=\"https:\/\/ekopark.webimagin.pl\/?page_id=1179\" class=\"elementor-item\" tabindex=\"-1\">EKO tapety<\/a><\/li>\n<li class=\"menu-item menu-item-type-post_type menu-item-object-page menu-item-1531\"><a href=\"https:\/\/ekopark.webimagin.pl\/?page_id=1181\" class=\"elementor-item\" tabindex=\"-1\">Wyszukiwarka odpad\u00f3w<\/a><\/li>\n<\/ul>\t\t\t<\/nav>\n\t\t\t\t<\/div>\n\t\t\t\t<\/div>\n\t\t\t\t<div class=\"elementor-element elementor-element-f579707 elementor-widget elementor-widget-image\" data-id=\"f579707\" data-element_type=\"widget\" data-widget_type=\"image.default\">\n\t\t\t\t<div class=\"elementor-widget-container\">\n\t\t\t<style>\/*! elementor - v3.10.1 - 17-01-2023 *\/\n.elementor-widget-image{text-align:center}.elementor-widget-image a{display:inline-block}.elementor-widget-image a img[src$=\".svg\"]{width:48px}.elementor-widget-image img{vertical-align:middle;display:inline-block}<\/style>\t\t\t\t\t\t\t\t\t\t\t\t\t<a href=\"https:\/\/bioremediacja.pl\/\">\n\t\t\t\t\t\t\t<img loading=\"lazy\" decoding=\"async\" width=\"600\" height=\"200\" src=\"https:\/\/ekopark.webimagin.pl\/wp-content\/uploads\/2023\/02\/bioremediacja.pl3_.gif\" class=\"attachment-large size-large wp-image-482\" alt=\"bioremediacja banner\" \/>\t\t\t\t\t\t\t\t<\/a>\n\t\t\t\t\t\t\t\t\t\t\t\t\t\t\t<\/div>\n\t\t\t\t<\/div>\n\t\t\t\t<div class=\"elementor-element elementor-element-94c90cd elementor-widget elementor-widget-image\" data-id=\"94c90cd\" data-element_type=\"widget\" data-widget_type=\"image.default\">\n\t\t\t\t<div class=\"elementor-widget-container\">\n\t\t\t\t\t\t\t\t\t\t\t\t\t\t\t\t<a href=\"https:\/\/ekopark.tv\/\">\n\t\t\t\t\t\t\t<img loading=\"lazy\" decoding=\"async\" width=\"600\" height=\"200\" src=\"https:\/\/ekopark.webimagin.pl\/wp-content\/uploads\/2023\/02\/EKOPARK.TV5_.gif\" class=\"attachment-large size-large wp-image-484\" alt=\"\" \/>\t\t\t\t\t\t\t\t<\/a>\n\t\t\t\t\t\t\t\t\t\t\t\t\t\t\t<\/div>\n\t\t\t\t<\/div>\n\t\t\t\t<div class=\"elementor-element elementor-element-bbc61a2 elementor-widget elementor-widget-image\" data-id=\"bbc61a2\" data-element_type=\"widget\" data-widget_type=\"image.default\">\n\t\t\t\t<div class=\"elementor-widget-container\">\n\t\t\t\t\t\t\t\t\t\t\t\t\t\t\t\t<a href=\"https:\/\/segregacja.info.pl\/\">\n\t\t\t\t\t\t\t<img loading=\"lazy\" decoding=\"async\" width=\"600\" height=\"200\" src=\"https:\/\/ekopark.webimagin.pl\/wp-content\/uploads\/2023\/02\/segregacja.info_.pl2_.gif\" class=\"attachment-large size-large wp-image-485\" alt=\"segregacja.info.pl banner\" \/>\t\t\t\t\t\t\t\t<\/a>\n\t\t\t\t\t\t\t\t\t\t\t\t\t\t\t<\/div>\n\t\t\t\t<\/div>\n\t\t\t\t<div class=\"elementor-element elementor-element-bca0c9d elementor-widget elementor-widget-image\" data-id=\"bca0c9d\" data-element_type=\"widget\" data-widget_type=\"image.default\">\n\t\t\t\t<div class=\"elementor-widget-container\">\n\t\t\t\t\t\t\t\t\t\t\t\t\t\t\t\t<a href=\"https:\/\/radynaodpady.info\/\">\n\t\t\t\t\t\t\t<img loading=\"lazy\" decoding=\"async\" width=\"600\" height=\"200\" src=\"https:\/\/ekopark.webimagin.pl\/wp-content\/uploads\/2023\/02\/Rady-na-Odpady2.gif\" class=\"attachment-large size-large wp-image-486\" alt=\"radynaodpady.info banner\" \/>\t\t\t\t\t\t\t\t<\/a>\n\t\t\t\t\t\t\t\t\t\t\t\t\t\t\t<\/div>\n\t\t\t\t<\/div>\n\t\t\t\t\t<\/div>\n\t\t<\/div>\n\t\t\t\t\t\t\t<\/div>\n\t\t<\/section>\n\t\t\t\t\t\t\t<\/div>\n\t\t","protected":false},"excerpt":{"rendered":"<p>EKO terminy Wzrost liczby ludno\u015bci, wszechobecny konsumpcjonizm, coraz kr\u00f3tsza d\u0142ugo\u015b\u0107 \u017cycia produkowanych wyrob\u00f3w powoduj\u0105, \u017ce odpady stanowi\u0105 coraz wi\u0119kszy problem. W Polsce pomimo wdro\u017cenia przepis\u00f3w deponowanie odpad\u00f3w na sk\u0142adowiskach jest najpowszechniejszym sposobem zagospodarowania odpad\u00f3w. Tymczasem w innych krajach europejskich, chocia\u017cby Szwecji, odpady poddawane s\u0105 przetwarzaniu w celu odzysku energii. Przepisy dotycz\u0105ce odpad\u00f3w wprowadzi\u0142y szereg zasad, [&hellip;]<\/p>\n","protected":false},"author":1,"featured_media":0,"parent":71,"menu_order":0,"comment_status":"closed","ping_status":"closed","template":"","meta":{"footnotes":""},"class_list":["post-1177","page","type-page","status-publish","hentry"],"_links":{"self":[{"href":"https:\/\/ekopark.webimagin.pl\/index.php?rest_route=\/wp\/v2\/pages\/1177","targetHints":{"allow":["GET"]}}],"collection":[{"href":"https:\/\/ekopark.webimagin.pl\/index.php?rest_route=\/wp\/v2\/pages"}],"about":[{"href":"https:\/\/ekopark.webimagin.pl\/index.php?rest_route=\/wp\/v2\/types\/page"}],"author":[{"embeddable":true,"href":"https:\/\/ekopark.webimagin.pl\/index.php?rest_route=\/wp\/v2\/users\/1"}],"replies":[{"embeddable":true,"href":"https:\/\/ekopark.webimagin.pl\/index.php?rest_route=%2Fwp%2Fv2%2Fcomments&post=1177"}],"version-history":[{"count":13,"href":"https:\/\/ekopark.webimagin.pl\/index.php?rest_route=\/wp\/v2\/pages\/1177\/revisions"}],"predecessor-version":[{"id":1623,"href":"https:\/\/ekopark.webimagin.pl\/index.php?rest_route=\/wp\/v2\/pages\/1177\/revisions\/1623"}],"up":[{"embeddable":true,"href":"https:\/\/ekopark.webimagin.pl\/index.php?rest_route=\/wp\/v2\/pages\/71"}],"wp:attachment":[{"href":"https:\/\/ekopark.webimagin.pl\/index.php?rest_route=%2Fwp%2Fv2%2Fmedia&parent=1177"}],"curies":[{"name":"wp","href":"https:\/\/api.w.org\/{rel}","templated":true}]}}