{"id":244,"date":"2023-01-31T23:01:27","date_gmt":"2023-01-31T22:01:27","guid":{"rendered":"https:\/\/ekopark.webimagin.pl\/?page_id=244"},"modified":"2023-03-30T14:17:00","modified_gmt":"2023-03-30T12:17:00","slug":"doradztwo-srodowiskowe","status":"publish","type":"page","link":"https:\/\/ekopark.webimagin.pl\/?page_id=244","title":{"rendered":"Doradztwo \u015arodowiskowe"},"content":{"rendered":"\t\t<div data-elementor-type=\"wp-page\" data-elementor-id=\"244\" class=\"elementor elementor-244\">\n\t\t\t\t\t\t\t\t\t<section class=\"elementor-section elementor-top-section elementor-element elementor-element-2cc6103 elementor-section-boxed elementor-section-height-default elementor-section-height-default\" data-id=\"2cc6103\" data-element_type=\"section\">\n\t\t\t\t\t\t<div class=\"elementor-container elementor-column-gap-default\">\n\t\t\t\t\t<div class=\"elementor-column elementor-col-100 elementor-top-column elementor-element elementor-element-bb1a1f7\" data-id=\"bb1a1f7\" data-element_type=\"column\">\n\t\t\t<div class=\"elementor-widget-wrap elementor-element-populated\">\n\t\t\t\t\t\t\t\t<div class=\"elementor-element elementor-element-96301e2 elementor-widget elementor-widget-heading\" data-id=\"96301e2\" data-element_type=\"widget\" data-widget_type=\"heading.default\">\n\t\t\t\t<div class=\"elementor-widget-container\">\n\t\t\t<style>\/*! elementor - v3.10.1 - 17-01-2023 *\/\n.elementor-heading-title{padding:0;margin:0;line-height:1}.elementor-widget-heading .elementor-heading-title[class*=elementor-size-]>a{color:inherit;font-size:inherit;line-height:inherit}.elementor-widget-heading .elementor-heading-title.elementor-size-small{font-size:15px}.elementor-widget-heading .elementor-heading-title.elementor-size-medium{font-size:19px}.elementor-widget-heading .elementor-heading-title.elementor-size-large{font-size:29px}.elementor-widget-heading .elementor-heading-title.elementor-size-xl{font-size:39px}.elementor-widget-heading .elementor-heading-title.elementor-size-xxl{font-size:59px}<\/style><h2 class=\"elementor-heading-title elementor-size-medium\">Doradztwo \u015arodowiskowe <\/h2>\t\t<\/div>\n\t\t\t\t<\/div>\n\t\t\t\t\t<\/div>\n\t\t<\/div>\n\t\t\t\t\t\t\t<\/div>\n\t\t<\/section>\n\t\t\t\t<section class=\"elementor-section elementor-top-section elementor-element elementor-element-b4d19db elementor-section-boxed elementor-section-height-default elementor-section-height-default\" data-id=\"b4d19db\" data-element_type=\"section\">\n\t\t\t\t\t\t<div class=\"elementor-container elementor-column-gap-default\">\n\t\t\t\t\t<div class=\"elementor-column elementor-col-50 elementor-top-column elementor-element elementor-element-22b3d54\" data-id=\"22b3d54\" data-element_type=\"column\">\n\t\t\t<div class=\"elementor-widget-wrap elementor-element-populated\">\n\t\t\t\t\t\t\t\t<div class=\"elementor-element elementor-element-2138811 elementor-widget elementor-widget-text-editor\" data-id=\"2138811\" data-element_type=\"widget\" data-widget_type=\"text-editor.default\">\n\t\t\t\t<div class=\"elementor-widget-container\">\n\t\t\t<style>\/*! elementor - v3.10.1 - 17-01-2023 *\/\n.elementor-widget-text-editor.elementor-drop-cap-view-stacked .elementor-drop-cap{background-color:#818a91;color:#fff}.elementor-widget-text-editor.elementor-drop-cap-view-framed .elementor-drop-cap{color:#818a91;border:3px solid;background-color:transparent}.elementor-widget-text-editor:not(.elementor-drop-cap-view-default) .elementor-drop-cap{margin-top:8px}.elementor-widget-text-editor:not(.elementor-drop-cap-view-default) .elementor-drop-cap-letter{width:1em;height:1em}.elementor-widget-text-editor .elementor-drop-cap{float:left;text-align:center;line-height:1;font-size:50px}.elementor-widget-text-editor .elementor-drop-cap-letter{display:inline-block}<\/style>\t\t\t\t<p><img loading=\"lazy\" decoding=\"async\" class=\"size-medium wp-image-329 alignright\" src=\"https:\/\/ekopark.webimagin.pl\/wp-content\/uploads\/2023\/02\/doradztwo02-300x200.jpg\" alt=\"konsultacje\" width=\"300\" height=\"200\" srcset=\"https:\/\/ekopark.webimagin.pl\/wp-content\/uploads\/2023\/02\/doradztwo02-300x200.jpg 300w, https:\/\/ekopark.webimagin.pl\/wp-content\/uploads\/2023\/02\/doradztwo02-768x512.jpg 768w, https:\/\/ekopark.webimagin.pl\/wp-content\/uploads\/2023\/02\/doradztwo02.jpg 900w\" sizes=\"auto, (max-width: 300px) 100vw, 300px\" \/><\/p><p><strong>Ka\u017cda dzia\u0142alno\u015b\u0107 gospodarcza wi\u0105\u017ce si\u0119 z korzystaniem ze <\/strong><strong>\u015brodowiska, a to nak\u0142ada na przedsi\u0119biorc\u0119 szereg obowi\u0105zk\u00f3w. W ostatnim czasie przepisy dotycz\u0105ce ochrony \u015brodowiska znacz\u0105co si\u0119 zmieni\u0142y, a ju\u017c szykuj\u0105 si\u0119 kolejne nowelizacje.<\/strong><\/p><ul><li>Czy wiesz, kiedy wymagane jest pozwolenie na wytwarzanie odpad\u00f3w?<\/li><li>Czy znasz no<br \/>we terminy sk\u0142adania sprawozda\u0144 do urz\u0119d\u00f3w?<\/li><li>Czy masz obowi\u0105zek prowadzenia pe\u0142nej ewidencji odpadowej?<\/li><li>Czy potrzebujesz pomocy podczas kontroli z zakresu ochrony \u015brodowiska?<\/li><li>Czy wiesz, na jakich zasadach mo\u017cesz przekazywa\u0107 odpady osobom fizycznym?<\/li><li>Czy wiesz, kto powinien raportowa\u0107 do KOBIZE?<\/li><li>Czy wiesz, \u017ce pakuj\u0105c sw\u00f3j produkt w opakowanie (nawet kanapki w woreczki foliowe) podlegasz pod op\u0142at\u0119 produktow\u0105?<\/li><\/ul><p><strong>Je\u015bli nie znasz odpowiedzi na powy\u017csze pytania, lub po prostu chcia\u0142by\u015b scedowa\u0107 cz\u0119\u015b\u0107 obowi\u0105zk\u00f3w na specjalistyczn\u0105 firm\u0119 ta oferta stworzona jest dla Ciebie.<\/strong><\/p><p><strong><img loading=\"lazy\" decoding=\"async\" class=\"size-medium wp-image-333 alignleft\" src=\"https:\/\/ekopark.webimagin.pl\/wp-content\/uploads\/2023\/02\/doradztwo08-300x175.jpg\" alt=\"ustawy i prawo\" width=\"300\" height=\"175\" srcset=\"https:\/\/ekopark.webimagin.pl\/wp-content\/uploads\/2023\/02\/doradztwo08-300x175.jpg 300w, https:\/\/ekopark.webimagin.pl\/wp-content\/uploads\/2023\/02\/doradztwo08-768x447.jpg 768w, https:\/\/ekopark.webimagin.pl\/wp-content\/uploads\/2023\/02\/doradztwo08.jpg 900w\" sizes=\"auto, (max-width: 300px) 100vw, 300px\" \/><\/strong><\/p><p>Swoj\u0105 ofert\u0119 kierujemy do firm, os\u00f3b prywatnych oraz jednostek administracji samorz\u0105dowej. Oferujemy Pa\u0144stwu profesjonalne doradztwo z zakresu ochrony \u015brodowiska, gospodarki odpadami, korzystania ze \u015brodowiska, wprowadzania na rynek produkt\u00f3w w opakowaniach, czy te\u017c realizacji obowi\u0105zk\u00f3w wynikaj\u0105cych z ustaw o bateriach i akumulatorach oraz o zu\u017cytym sprz\u0119cie elektrycznym i elektronicznym.<\/p><p>Istnieje mo\u017cliwo\u015b\u0107 skorzystania z jednorazowej us\u0142ugi doradczej (np. uzyskanie pozwolenia na wytwarzanie odpad\u00f3w, przeprowadzenie audytu \u015brodowiskowego pod k\u0105tem przestrzegania przepis\u00f3w) b\u0105d\u017a podj\u0119cia sta\u0142ej wsp\u00f3\u0142pracy i przekazania sp\u00f3\u0142ce <strong>EKOPARK<\/strong> wszelkich obowi\u0105zk\u00f3w dotycz\u0105cych ochrony \u015brodowiska.<\/p><p><strong>Wychodz\u0105c\u00a0 naprzeciw oczekiwaniom naszych klient\u00f3w chcemy Pa\u0144stwu zaoferowa\u0107\u00a0 r\u00f3wnie\u017c pomoc w zakresie:<\/strong><\/p><ul><li><strong>kompleksowej obs\u0142ugi systemu BDO dla Pa\u0144stwa firmy,<\/strong><\/li><li><strong> prowadzenie bie\u017c\u0105cej ewidencji odpad\u00f3w w BDO, <\/strong><\/li><li><strong>uzupe\u0142nianie brak\u00f3w formalnych oraz przygotowanie sprawozda\u0144 z zakresu:<\/strong><\/li><\/ul><ul><li style=\"list-style-type: none;\"><ul><li>Sprawozdanie roczne o produktach, opakowaniach i o gospodarowaniu odpadami (w zakresie m.in. wprowadzania na rynek produkt\u00f3w w opakowaniach, sprz\u0119t\u00f3w elektrycznych i elektronicznych, baterii i akumulator\u00f3w itd.<\/li><li>\u00a0Sprawozdanie roczne o wytworzonych odpadach i zagospodarowaniu odpadami.<\/li><\/ul><\/li><\/ul><p>Do ka\u017cdego klienta podchodzimy indywidualnie i dopasowujemy swojego us\u0142ugi zgodnie z zakresem oczekiwa\u0144 klienta.<\/p><p>Oczywi\u015bcie proponujemy r\u00f3wnie\u017c pomoc w przygotowaniu sprawozda\u0144:<\/p><ul><li>przygotowanie na podstawie otrzymanych informacji od klienta \u2013 sprawozdania dotycz\u0105cego emisji zanieczyszcze\u0144 do \u015brodowiska.\u00a0<\/li><li>przygotowanie raportu do KOBiZE\/ W przypadku braku konta \u2013 rejestracja w KOBiZE<\/li><\/ul><p>W przypadku zainteresowania naszymi us\u0142ugami zapraszamy do kontaktu <a href=\"https:\/\/ekopark.webimagin.pl\/?page_id=75\">mailowego lub telefonicznego<\/a>.<\/p><p style=\"text-align: left;\"><strong>Czym jest BDO?<\/strong><\/p><p>Zapraszamy na nasz\u0105 stron\u0119 zawieraj\u0105c\u0105 informacj\u0119 w tym temacie <a href=\"https:\/\/radynaodpady.info\/bdo\/\">https:\/\/radynaodpady.info\/bdo\/<\/a><\/p>\t\t\t\t\t\t<\/div>\n\t\t\t\t<\/div>\n\t\t\t\t<div class=\"elementor-element elementor-element-afb6fee elementor-widget-divider--view-line elementor-widget elementor-widget-divider\" data-id=\"afb6fee\" data-element_type=\"widget\" data-widget_type=\"divider.default\">\n\t\t\t\t<div class=\"elementor-widget-container\">\n\t\t\t<style>\/*! elementor - v3.10.1 - 17-01-2023 *\/\n.elementor-widget-divider{--divider-border-style:none;--divider-border-width:1px;--divider-color:#2c2c2c;--divider-icon-size:20px;--divider-element-spacing:10px;--divider-pattern-height:24px;--divider-pattern-size:20px;--divider-pattern-url:none;--divider-pattern-repeat:repeat-x}.elementor-widget-divider .elementor-divider{display:flex}.elementor-widget-divider .elementor-divider__text{font-size:15px;line-height:1;max-width:95%}.elementor-widget-divider .elementor-divider__element{margin:0 var(--divider-element-spacing);flex-shrink:0}.elementor-widget-divider .elementor-icon{font-size:var(--divider-icon-size)}.elementor-widget-divider .elementor-divider-separator{display:flex;margin:0;direction:ltr}.elementor-widget-divider--view-line_icon .elementor-divider-separator,.elementor-widget-divider--view-line_text .elementor-divider-separator{align-items:center}.elementor-widget-divider--view-line_icon .elementor-divider-separator:after,.elementor-widget-divider--view-line_icon .elementor-divider-separator:before,.elementor-widget-divider--view-line_text .elementor-divider-separator:after,.elementor-widget-divider--view-line_text .elementor-divider-separator:before{display:block;content:\"\";border-bottom:0;flex-grow:1;border-top:var(--divider-border-width) var(--divider-border-style) var(--divider-color)}.elementor-widget-divider--element-align-left .elementor-divider .elementor-divider-separator>.elementor-divider__svg:first-of-type{flex-grow:0;flex-shrink:100}.elementor-widget-divider--element-align-left .elementor-divider-separator:before{content:none}.elementor-widget-divider--element-align-left .elementor-divider__element{margin-left:0}.elementor-widget-divider--element-align-right .elementor-divider .elementor-divider-separator>.elementor-divider__svg:last-of-type{flex-grow:0;flex-shrink:100}.elementor-widget-divider--element-align-right .elementor-divider-separator:after{content:none}.elementor-widget-divider--element-align-right .elementor-divider__element{margin-right:0}.elementor-widget-divider:not(.elementor-widget-divider--view-line_text):not(.elementor-widget-divider--view-line_icon) .elementor-divider-separator{border-top:var(--divider-border-width) var(--divider-border-style) var(--divider-color)}.elementor-widget-divider--separator-type-pattern{--divider-border-style:none}.elementor-widget-divider--separator-type-pattern.elementor-widget-divider--view-line .elementor-divider-separator,.elementor-widget-divider--separator-type-pattern:not(.elementor-widget-divider--view-line) .elementor-divider-separator:after,.elementor-widget-divider--separator-type-pattern:not(.elementor-widget-divider--view-line) .elementor-divider-separator:before,.elementor-widget-divider--separator-type-pattern:not([class*=elementor-widget-divider--view]) .elementor-divider-separator{width:100%;min-height:var(--divider-pattern-height);-webkit-mask-size:var(--divider-pattern-size) 100%;mask-size:var(--divider-pattern-size) 100%;-webkit-mask-repeat:var(--divider-pattern-repeat);mask-repeat:var(--divider-pattern-repeat);background-color:var(--divider-color);-webkit-mask-image:var(--divider-pattern-url);mask-image:var(--divider-pattern-url)}.elementor-widget-divider--no-spacing{--divider-pattern-size:auto}.elementor-widget-divider--bg-round{--divider-pattern-repeat:round}.rtl .elementor-widget-divider .elementor-divider__text{direction:rtl}.e-con-inner>.elementor-widget-divider,.e-con>.elementor-widget-divider{width:var(--container-widget-width);--flex-grow:var(--container-widget-flex-grow)}<\/style>\t\t<div class=\"elementor-divider\">\n\t\t\t<span class=\"elementor-divider-separator\">\n\t\t\t\t\t\t<\/span>\n\t\t<\/div>\n\t\t\t\t<\/div>\n\t\t\t\t<\/div>\n\t\t\t\t\t<\/div>\n\t\t<\/div>\n\t\t\t\t<div class=\"elementor-column elementor-col-50 elementor-top-column elementor-element elementor-element-3421091\" data-id=\"3421091\" data-element_type=\"column\">\n\t\t\t<div class=\"elementor-widget-wrap elementor-element-populated\">\n\t\t\t\t\t\t\t\t<div class=\"elementor-element elementor-element-4b025ff elementor-nav-menu--dropdown-tablet elementor-nav-menu__text-align-aside elementor-widget elementor-widget-nav-menu\" data-id=\"4b025ff\" data-element_type=\"widget\" data-settings=\"{&quot;layout&quot;:&quot;vertical&quot;,&quot;sticky&quot;:&quot;top&quot;,&quot;sticky_on&quot;:[&quot;desktop&quot;],&quot;sticky_offset&quot;:15,&quot;submenu_icon&quot;:{&quot;value&quot;:&quot;&lt;i class=\\&quot;fas fa-caret-down\\&quot;&gt;&lt;\\\/i&gt;&quot;,&quot;library&quot;:&quot;fa-solid&quot;},&quot;sticky_effects_offset&quot;:0}\" data-widget_type=\"nav-menu.default\">\n\t\t\t\t<div class=\"elementor-widget-container\">\n\t\t\t<link rel=\"stylesheet\" href=\"https:\/\/ekopark.webimagin.pl\/wp-content\/plugins\/elementor-pro\/assets\/css\/widget-nav-menu.min.css\">\t\t\t<nav migration_allowed=\"1\" migrated=\"0\" class=\"elementor-nav-menu--main elementor-nav-menu__container elementor-nav-menu--layout-vertical e--pointer-none\">\n\t\t\t\t<ul id=\"menu-1-4b025ff\" class=\"elementor-nav-menu sm-vertical\"><li class=\"menu-item menu-item-type-post_type menu-item-object-page menu-item-470\"><a href=\"https:\/\/ekopark.webimagin.pl\/?page_id=241\" class=\"elementor-item\">Odbi\u00f3r odpad\u00f3w przemys\u0142owych<\/a><\/li>\n<li class=\"menu-item menu-item-type-post_type menu-item-object-page menu-item-471\"><a href=\"https:\/\/ekopark.webimagin.pl\/?page_id=244\" class=\"elementor-item\">Doradztwo \u015arodowiskowe<\/a><\/li>\n<li class=\"menu-item menu-item-type-post_type menu-item-object-page menu-item-472\"><a href=\"https:\/\/ekopark.webimagin.pl\/?page_id=246\" class=\"elementor-item\">Bioremediacja odpadu 17 05 03*<\/a><\/li>\n<li class=\"menu-item menu-item-type-post_type menu-item-object-page menu-item-473\"><a href=\"https:\/\/ekopark.webimagin.pl\/?page_id=248\" class=\"elementor-item\">Likwidacja pozosta\u0142o\u015bci po zak\u0142adach przemys\u0142owych<\/a><\/li>\n<li class=\"menu-item menu-item-type-post_type menu-item-object-page menu-item-474\"><a href=\"https:\/\/ekopark.webimagin.pl\/?page_id=250\" class=\"elementor-item\">Likwidacja galwanizerni<\/a><\/li>\n<li class=\"menu-item menu-item-type-post_type menu-item-object-page menu-item-475\"><a href=\"https:\/\/ekopark.webimagin.pl\/?page_id=252\" class=\"elementor-item\">Komisyjne niszczenie (leki, kosmetyki, dokumenty)<\/a><\/li>\n<\/ul>\t\t\t<\/nav>\n\t\t\t\t\t\t<nav class=\"elementor-nav-menu--dropdown elementor-nav-menu__container\" aria-hidden=\"true\">\n\t\t\t\t<ul id=\"menu-2-4b025ff\" class=\"elementor-nav-menu sm-vertical\"><li class=\"menu-item menu-item-type-post_type menu-item-object-page menu-item-470\"><a href=\"https:\/\/ekopark.webimagin.pl\/?page_id=241\" class=\"elementor-item\" tabindex=\"-1\">Odbi\u00f3r odpad\u00f3w przemys\u0142owych<\/a><\/li>\n<li class=\"menu-item menu-item-type-post_type menu-item-object-page menu-item-471\"><a href=\"https:\/\/ekopark.webimagin.pl\/?page_id=244\" class=\"elementor-item\" tabindex=\"-1\">Doradztwo \u015arodowiskowe<\/a><\/li>\n<li class=\"menu-item menu-item-type-post_type menu-item-object-page menu-item-472\"><a href=\"https:\/\/ekopark.webimagin.pl\/?page_id=246\" class=\"elementor-item\" tabindex=\"-1\">Bioremediacja odpadu 17 05 03*<\/a><\/li>\n<li class=\"menu-item menu-item-type-post_type menu-item-object-page menu-item-473\"><a href=\"https:\/\/ekopark.webimagin.pl\/?page_id=248\" class=\"elementor-item\" tabindex=\"-1\">Likwidacja pozosta\u0142o\u015bci po zak\u0142adach przemys\u0142owych<\/a><\/li>\n<li class=\"menu-item menu-item-type-post_type menu-item-object-page menu-item-474\"><a href=\"https:\/\/ekopark.webimagin.pl\/?page_id=250\" class=\"elementor-item\" tabindex=\"-1\">Likwidacja galwanizerni<\/a><\/li>\n<li class=\"menu-item menu-item-type-post_type menu-item-object-page menu-item-475\"><a href=\"https:\/\/ekopark.webimagin.pl\/?page_id=252\" class=\"elementor-item\" tabindex=\"-1\">Komisyjne niszczenie (leki, kosmetyki, dokumenty)<\/a><\/li>\n<\/ul>\t\t\t<\/nav>\n\t\t\t\t<\/div>\n\t\t\t\t<\/div>\n\t\t\t\t<div class=\"elementor-element elementor-element-830de7f elementor-widget elementor-widget-image\" data-id=\"830de7f\" data-element_type=\"widget\" data-widget_type=\"image.default\">\n\t\t\t\t<div class=\"elementor-widget-container\">\n\t\t\t<style>\/*! elementor - v3.10.1 - 17-01-2023 *\/\n.elementor-widget-image{text-align:center}.elementor-widget-image a{display:inline-block}.elementor-widget-image a img[src$=\".svg\"]{width:48px}.elementor-widget-image img{vertical-align:middle;display:inline-block}<\/style>\t\t\t\t\t\t\t\t\t\t\t\t\t<a href=\"https:\/\/bioremediacja.pl\/\">\n\t\t\t\t\t\t\t<img loading=\"lazy\" decoding=\"async\" width=\"600\" height=\"200\" src=\"https:\/\/ekopark.webimagin.pl\/wp-content\/uploads\/2023\/02\/bioremediacja.pl3_.gif\" class=\"attachment-large size-large wp-image-482\" alt=\"bioremediacja banner\" \/>\t\t\t\t\t\t\t\t<\/a>\n\t\t\t\t\t\t\t\t\t\t\t\t\t\t\t<\/div>\n\t\t\t\t<\/div>\n\t\t\t\t<div class=\"elementor-element elementor-element-60c8815 elementor-widget elementor-widget-image\" data-id=\"60c8815\" data-element_type=\"widget\" data-widget_type=\"image.default\">\n\t\t\t\t<div class=\"elementor-widget-container\">\n\t\t\t\t\t\t\t\t\t\t\t\t\t\t\t\t<a href=\"https:\/\/ekopark.tv\/\">\n\t\t\t\t\t\t\t<img loading=\"lazy\" decoding=\"async\" width=\"600\" height=\"200\" src=\"https:\/\/ekopark.webimagin.pl\/wp-content\/uploads\/2023\/02\/EKOPARK.TV5_.gif\" class=\"attachment-large size-large wp-image-484\" alt=\"\" \/>\t\t\t\t\t\t\t\t<\/a>\n\t\t\t\t\t\t\t\t\t\t\t\t\t\t\t<\/div>\n\t\t\t\t<\/div>\n\t\t\t\t<div class=\"elementor-element elementor-element-c09ac04 elementor-widget elementor-widget-image\" data-id=\"c09ac04\" data-element_type=\"widget\" data-widget_type=\"image.default\">\n\t\t\t\t<div class=\"elementor-widget-container\">\n\t\t\t\t\t\t\t\t\t\t\t\t\t\t\t\t<a href=\"https:\/\/segregacja.info.pl\/\">\n\t\t\t\t\t\t\t<img loading=\"lazy\" decoding=\"async\" width=\"600\" height=\"200\" src=\"https:\/\/ekopark.webimagin.pl\/wp-content\/uploads\/2023\/02\/segregacja.info_.pl2_.gif\" class=\"attachment-large size-large wp-image-485\" alt=\"segregacja.info.pl banner\" \/>\t\t\t\t\t\t\t\t<\/a>\n\t\t\t\t\t\t\t\t\t\t\t\t\t\t\t<\/div>\n\t\t\t\t<\/div>\n\t\t\t\t<div class=\"elementor-element elementor-element-d58b00e elementor-widget elementor-widget-image\" data-id=\"d58b00e\" data-element_type=\"widget\" data-widget_type=\"image.default\">\n\t\t\t\t<div class=\"elementor-widget-container\">\n\t\t\t\t\t\t\t\t\t\t\t\t\t\t\t\t<a href=\"https:\/\/radynaodpady.info\/\">\n\t\t\t\t\t\t\t<img loading=\"lazy\" decoding=\"async\" width=\"600\" height=\"200\" src=\"https:\/\/ekopark.webimagin.pl\/wp-content\/uploads\/2023\/02\/Rady-na-Odpady2.gif\" class=\"attachment-large size-large wp-image-486\" alt=\"radynaodpady.info banner\" \/>\t\t\t\t\t\t\t\t<\/a>\n\t\t\t\t\t\t\t\t\t\t\t\t\t\t\t<\/div>\n\t\t\t\t<\/div>\n\t\t\t\t\t<\/div>\n\t\t<\/div>\n\t\t\t\t\t\t\t<\/div>\n\t\t<\/section>\n\t\t\t\t\t\t\t<\/div>\n\t\t","protected":false},"excerpt":{"rendered":"<p>Doradztwo \u015arodowiskowe Ka\u017cda dzia\u0142alno\u015b\u0107 gospodarcza wi\u0105\u017ce si\u0119 z korzystaniem ze \u015brodowiska, a to nak\u0142ada na przedsi\u0119biorc\u0119 szereg obowi\u0105zk\u00f3w. W ostatnim czasie przepisy dotycz\u0105ce ochrony \u015brodowiska znacz\u0105co si\u0119 zmieni\u0142y, a ju\u017c szykuj\u0105 si\u0119 kolejne nowelizacje. Czy wiesz, kiedy wymagane jest pozwolenie na wytwarzanie odpad\u00f3w? Czy znasz nowe terminy sk\u0142adania sprawozda\u0144 do urz\u0119d\u00f3w? Czy masz obowi\u0105zek prowadzenia [&hellip;]<\/p>\n","protected":false},"author":1,"featured_media":0,"parent":61,"menu_order":0,"comment_status":"closed","ping_status":"closed","template":"","meta":{"footnotes":""},"class_list":["post-244","page","type-page","status-publish","hentry"],"_links":{"self":[{"href":"https:\/\/ekopark.webimagin.pl\/index.php?rest_route=\/wp\/v2\/pages\/244","targetHints":{"allow":["GET"]}}],"collection":[{"href":"https:\/\/ekopark.webimagin.pl\/index.php?rest_route=\/wp\/v2\/pages"}],"about":[{"href":"https:\/\/ekopark.webimagin.pl\/index.php?rest_route=\/wp\/v2\/types\/page"}],"author":[{"embeddable":true,"href":"https:\/\/ekopark.webimagin.pl\/index.php?rest_route=\/wp\/v2\/users\/1"}],"replies":[{"embeddable":true,"href":"https:\/\/ekopark.webimagin.pl\/index.php?rest_route=%2Fwp%2Fv2%2Fcomments&post=244"}],"version-history":[{"count":62,"href":"https:\/\/ekopark.webimagin.pl\/index.php?rest_route=\/wp\/v2\/pages\/244\/revisions"}],"predecessor-version":[{"id":1745,"href":"https:\/\/ekopark.webimagin.pl\/index.php?rest_route=\/wp\/v2\/pages\/244\/revisions\/1745"}],"up":[{"embeddable":true,"href":"https:\/\/ekopark.webimagin.pl\/index.php?rest_route=\/wp\/v2\/pages\/61"}],"wp:attachment":[{"href":"https:\/\/ekopark.webimagin.pl\/index.php?rest_route=%2Fwp%2Fv2%2Fmedia&parent=244"}],"curies":[{"name":"wp","href":"https:\/\/api.w.org\/{rel}","templated":true}]}}