{"id":59,"date":"2023-01-31T19:20:06","date_gmt":"2023-01-31T18:20:06","guid":{"rendered":"https:\/\/ekopark.webimagin.pl\/?page_id=59"},"modified":"2023-02-05T14:18:01","modified_gmt":"2023-02-05T13:18:01","slug":"o-nas","status":"publish","type":"page","link":"https:\/\/ekopark.webimagin.pl\/?page_id=59","title":{"rendered":"O nas"},"content":{"rendered":"\t\t<div data-elementor-type=\"wp-page\" data-elementor-id=\"59\" class=\"elementor elementor-59\">\n\t\t\t\t\t\t\t\t\t<section class=\"elementor-section elementor-top-section elementor-element elementor-element-c38a4a0 elementor-section-boxed elementor-section-height-default elementor-section-height-default\" data-id=\"c38a4a0\" data-element_type=\"section\">\n\t\t\t\t\t\t<div class=\"elementor-container elementor-column-gap-default\">\n\t\t\t\t\t<div class=\"elementor-column elementor-col-100 elementor-top-column elementor-element elementor-element-1888429\" data-id=\"1888429\" data-element_type=\"column\">\n\t\t\t<div class=\"elementor-widget-wrap elementor-element-populated\">\n\t\t\t\t\t\t\t\t<div class=\"elementor-element elementor-element-dd7fd18 elementor-widget elementor-widget-heading\" data-id=\"dd7fd18\" data-element_type=\"widget\" data-widget_type=\"heading.default\">\n\t\t\t\t<div class=\"elementor-widget-container\">\n\t\t\t<style>\/*! elementor - v3.10.1 - 17-01-2023 *\/\n.elementor-heading-title{padding:0;margin:0;line-height:1}.elementor-widget-heading .elementor-heading-title[class*=elementor-size-]>a{color:inherit;font-size:inherit;line-height:inherit}.elementor-widget-heading .elementor-heading-title.elementor-size-small{font-size:15px}.elementor-widget-heading .elementor-heading-title.elementor-size-medium{font-size:19px}.elementor-widget-heading .elementor-heading-title.elementor-size-large{font-size:29px}.elementor-widget-heading .elementor-heading-title.elementor-size-xl{font-size:39px}.elementor-widget-heading .elementor-heading-title.elementor-size-xxl{font-size:59px}<\/style><h2 class=\"elementor-heading-title elementor-size-medium\">O nas<\/h2>\t\t<\/div>\n\t\t\t\t<\/div>\n\t\t\t\t<div class=\"elementor-element elementor-element-5594d5f elementor-widget elementor-widget-text-editor\" data-id=\"5594d5f\" data-element_type=\"widget\" data-widget_type=\"text-editor.default\">\n\t\t\t\t<div class=\"elementor-widget-container\">\n\t\t\t<style>\/*! elementor - v3.10.1 - 17-01-2023 *\/\n.elementor-widget-text-editor.elementor-drop-cap-view-stacked .elementor-drop-cap{background-color:#818a91;color:#fff}.elementor-widget-text-editor.elementor-drop-cap-view-framed .elementor-drop-cap{color:#818a91;border:3px solid;background-color:transparent}.elementor-widget-text-editor:not(.elementor-drop-cap-view-default) .elementor-drop-cap{margin-top:8px}.elementor-widget-text-editor:not(.elementor-drop-cap-view-default) .elementor-drop-cap-letter{width:1em;height:1em}.elementor-widget-text-editor .elementor-drop-cap{float:left;text-align:center;line-height:1;font-size:50px}.elementor-widget-text-editor .elementor-drop-cap-letter{display:inline-block}<\/style>\t\t\t\t<section class=\"article-content clearfix\"><p><strong>Agencja Ochrony \u015arodowiska EKOPARK powsta\u0142a w 1998r.<\/strong> Podstawow\u0105 dzia\u0142alno\u015bci\u0105 firmy jest zagospodarowanie odpad\u00f3w niebezpiecznych i innych ni\u017c niebezpieczne zgodnie z obowi\u0105zuj\u0105cymi przepisami prawa. Dzia\u0142amy w oparciu o szereg decyzji\u00a0 administracyjnych.<\/p><p>Wieloletnie do\u015bwiadczenie, znajomo\u015b\u0107 przepis\u00f3w i rynku odpadowego, profesjonalna kadra i indywidualne podej\u015bcie do ka\u017cdego kontrahenta pozwoli\u0142y wzbudzi\u0107 zaufanie wielu klient\u00f3w. Je\u015bli chcesz pozna\u0107 cz\u0119\u015b\u0107 naszych klient\u00f3w zapraszamy do zak\u0142adki <a href=\"https:\/\/ekopark.webimagin.pl\/?page_id=262\"><strong>GALERIA &#8211; Wybrane realizacje <\/strong><\/a><\/p><p>EKOPARK \u015bwiadczy kompleksowe us\u0142ugi polegaj\u0105ce na zagospodarowaniu odpad\u00f3w i doradztwie \u015brodowiskowym. Przeprowadza audyty \u015brodowiskowe, doradza indywidualne rozwi\u0105zania dla ka\u017cdego kontrahenta i szkoli pracownik\u00f3w z zasad w\u0142a\u015bciwego gospodarowania odpadami.<\/p><p><strong>Pe\u0142na informacja o \u015bwiadczonych us\u0142ugach znajduje si\u0119 w zak\u0142adce <a href=\"https:\/\/ekopark.webimagin.pl\/?page_id=241\">OFERTA<\/a><\/strong><\/p><p>Praktycznie od momentu za\u0142o\u017cenia\u00a0 sp\u00f3\u0142ka EKOPARK nale\u017cy do Stowarzyszenia Polskich Przedsi\u0119biorc\u00f3w Gospodarki Odpadami, kt\u00f3rego g\u0142\u00f3wnymi celami s\u0105 wspomaganie rozwoju polskiej przedsi\u0119biorczo\u015bci w zakresie gospodarki odpadami, prowadzenie dzia\u0142alno\u015bci edukacyjnej i szkoleniowej oraz popularyzowanie wiedzy i osi\u0105gni\u0119\u0107 naukowych z dziedziny gospodarki odpadami.<\/p><p><strong>Zapraszamy i zach\u0119camy do wsp\u00f3\u0142pracy.<\/strong><\/p><\/section>\t\t\t\t\t\t<\/div>\n\t\t\t\t<\/div>\n\t\t\t\t<div class=\"elementor-element elementor-element-c46645f elementor-widget-divider--view-line elementor-widget elementor-widget-divider\" data-id=\"c46645f\" data-element_type=\"widget\" data-widget_type=\"divider.default\">\n\t\t\t\t<div class=\"elementor-widget-container\">\n\t\t\t<style>\/*! elementor - v3.10.1 - 17-01-2023 *\/\n.elementor-widget-divider{--divider-border-style:none;--divider-border-width:1px;--divider-color:#2c2c2c;--divider-icon-size:20px;--divider-element-spacing:10px;--divider-pattern-height:24px;--divider-pattern-size:20px;--divider-pattern-url:none;--divider-pattern-repeat:repeat-x}.elementor-widget-divider .elementor-divider{display:flex}.elementor-widget-divider .elementor-divider__text{font-size:15px;line-height:1;max-width:95%}.elementor-widget-divider .elementor-divider__element{margin:0 var(--divider-element-spacing);flex-shrink:0}.elementor-widget-divider .elementor-icon{font-size:var(--divider-icon-size)}.elementor-widget-divider .elementor-divider-separator{display:flex;margin:0;direction:ltr}.elementor-widget-divider--view-line_icon .elementor-divider-separator,.elementor-widget-divider--view-line_text .elementor-divider-separator{align-items:center}.elementor-widget-divider--view-line_icon .elementor-divider-separator:after,.elementor-widget-divider--view-line_icon .elementor-divider-separator:before,.elementor-widget-divider--view-line_text .elementor-divider-separator:after,.elementor-widget-divider--view-line_text .elementor-divider-separator:before{display:block;content:\"\";border-bottom:0;flex-grow:1;border-top:var(--divider-border-width) var(--divider-border-style) var(--divider-color)}.elementor-widget-divider--element-align-left .elementor-divider .elementor-divider-separator>.elementor-divider__svg:first-of-type{flex-grow:0;flex-shrink:100}.elementor-widget-divider--element-align-left .elementor-divider-separator:before{content:none}.elementor-widget-divider--element-align-left .elementor-divider__element{margin-left:0}.elementor-widget-divider--element-align-right .elementor-divider .elementor-divider-separator>.elementor-divider__svg:last-of-type{flex-grow:0;flex-shrink:100}.elementor-widget-divider--element-align-right .elementor-divider-separator:after{content:none}.elementor-widget-divider--element-align-right .elementor-divider__element{margin-right:0}.elementor-widget-divider:not(.elementor-widget-divider--view-line_text):not(.elementor-widget-divider--view-line_icon) .elementor-divider-separator{border-top:var(--divider-border-width) var(--divider-border-style) var(--divider-color)}.elementor-widget-divider--separator-type-pattern{--divider-border-style:none}.elementor-widget-divider--separator-type-pattern.elementor-widget-divider--view-line .elementor-divider-separator,.elementor-widget-divider--separator-type-pattern:not(.elementor-widget-divider--view-line) .elementor-divider-separator:after,.elementor-widget-divider--separator-type-pattern:not(.elementor-widget-divider--view-line) .elementor-divider-separator:before,.elementor-widget-divider--separator-type-pattern:not([class*=elementor-widget-divider--view]) .elementor-divider-separator{width:100%;min-height:var(--divider-pattern-height);-webkit-mask-size:var(--divider-pattern-size) 100%;mask-size:var(--divider-pattern-size) 100%;-webkit-mask-repeat:var(--divider-pattern-repeat);mask-repeat:var(--divider-pattern-repeat);background-color:var(--divider-color);-webkit-mask-image:var(--divider-pattern-url);mask-image:var(--divider-pattern-url)}.elementor-widget-divider--no-spacing{--divider-pattern-size:auto}.elementor-widget-divider--bg-round{--divider-pattern-repeat:round}.rtl .elementor-widget-divider .elementor-divider__text{direction:rtl}.e-con-inner>.elementor-widget-divider,.e-con>.elementor-widget-divider{width:var(--container-widget-width);--flex-grow:var(--container-widget-flex-grow)}<\/style>\t\t<div class=\"elementor-divider\">\n\t\t\t<span class=\"elementor-divider-separator\">\n\t\t\t\t\t\t<\/span>\n\t\t<\/div>\n\t\t\t\t<\/div>\n\t\t\t\t<\/div>\n\t\t\t\t\t<\/div>\n\t\t<\/div>\n\t\t\t\t\t\t\t<\/div>\n\t\t<\/section>\n\t\t\t\t\t\t\t<\/div>\n\t\t","protected":false},"excerpt":{"rendered":"<p>O nas Agencja Ochrony \u015arodowiska EKOPARK powsta\u0142a w 1998r. Podstawow\u0105 dzia\u0142alno\u015bci\u0105 firmy jest zagospodarowanie odpad\u00f3w niebezpiecznych i innych ni\u017c niebezpieczne zgodnie z obowi\u0105zuj\u0105cymi przepisami prawa. Dzia\u0142amy w oparciu o szereg decyzji\u00a0 administracyjnych. Wieloletnie do\u015bwiadczenie, znajomo\u015b\u0107 przepis\u00f3w i rynku odpadowego, profesjonalna kadra i indywidualne podej\u015bcie do ka\u017cdego kontrahenta pozwoli\u0142y wzbudzi\u0107 zaufanie wielu klient\u00f3w. Je\u015bli chcesz pozna\u0107 [&hellip;]<\/p>\n","protected":false},"author":1,"featured_media":0,"parent":0,"menu_order":0,"comment_status":"closed","ping_status":"closed","template":"","meta":{"footnotes":""},"class_list":["post-59","page","type-page","status-publish","hentry"],"_links":{"self":[{"href":"https:\/\/ekopark.webimagin.pl\/index.php?rest_route=\/wp\/v2\/pages\/59","targetHints":{"allow":["GET"]}}],"collection":[{"href":"https:\/\/ekopark.webimagin.pl\/index.php?rest_route=\/wp\/v2\/pages"}],"about":[{"href":"https:\/\/ekopark.webimagin.pl\/index.php?rest_route=\/wp\/v2\/types\/page"}],"author":[{"embeddable":true,"href":"https:\/\/ekopark.webimagin.pl\/index.php?rest_route=\/wp\/v2\/users\/1"}],"replies":[{"embeddable":true,"href":"https:\/\/ekopark.webimagin.pl\/index.php?rest_route=%2Fwp%2Fv2%2Fcomments&post=59"}],"version-history":[{"count":16,"href":"https:\/\/ekopark.webimagin.pl\/index.php?rest_route=\/wp\/v2\/pages\/59\/revisions"}],"predecessor-version":[{"id":1590,"href":"https:\/\/ekopark.webimagin.pl\/index.php?rest_route=\/wp\/v2\/pages\/59\/revisions\/1590"}],"wp:attachment":[{"href":"https:\/\/ekopark.webimagin.pl\/index.php?rest_route=%2Fwp%2Fv2%2Fmedia&parent=59"}],"curies":[{"name":"wp","href":"https:\/\/api.w.org\/{rel}","templated":true}]}}