{"id":69,"date":"2023-01-31T19:21:12","date_gmt":"2023-01-31T18:21:12","guid":{"rendered":"https:\/\/ekopark.webimagin.pl\/?page_id=69"},"modified":"2023-03-12T12:24:48","modified_gmt":"2023-03-12T11:24:48","slug":"dokumenty","status":"publish","type":"page","link":"https:\/\/ekopark.webimagin.pl\/?page_id=69","title":{"rendered":"Dokumenty"},"content":{"rendered":"\t\t<div data-elementor-type=\"wp-page\" data-elementor-id=\"69\" class=\"elementor elementor-69\">\n\t\t\t\t\t\t\t\t\t<section class=\"elementor-section elementor-top-section elementor-element elementor-element-ad07cc8 elementor-section-boxed elementor-section-height-default elementor-section-height-default\" data-id=\"ad07cc8\" data-element_type=\"section\">\n\t\t\t\t\t\t<div class=\"elementor-container elementor-column-gap-default\">\n\t\t\t\t\t<div class=\"elementor-column elementor-col-100 elementor-top-column elementor-element elementor-element-af310e6\" data-id=\"af310e6\" data-element_type=\"column\">\n\t\t\t<div class=\"elementor-widget-wrap elementor-element-populated\">\n\t\t\t\t\t\t\t\t<div class=\"elementor-element elementor-element-46b31c8 elementor-widget elementor-widget-heading\" data-id=\"46b31c8\" data-element_type=\"widget\" data-widget_type=\"heading.default\">\n\t\t\t\t<div class=\"elementor-widget-container\">\n\t\t\t<style>\/*! elementor - v3.10.1 - 17-01-2023 *\/\n.elementor-heading-title{padding:0;margin:0;line-height:1}.elementor-widget-heading .elementor-heading-title[class*=elementor-size-]>a{color:inherit;font-size:inherit;line-height:inherit}.elementor-widget-heading .elementor-heading-title.elementor-size-small{font-size:15px}.elementor-widget-heading .elementor-heading-title.elementor-size-medium{font-size:19px}.elementor-widget-heading .elementor-heading-title.elementor-size-large{font-size:29px}.elementor-widget-heading .elementor-heading-title.elementor-size-xl{font-size:39px}.elementor-widget-heading .elementor-heading-title.elementor-size-xxl{font-size:59px}<\/style><h2 class=\"elementor-heading-title elementor-size-medium\">Dokumenty<\/h2>\t\t<\/div>\n\t\t\t\t<\/div>\n\t\t\t\t<div class=\"elementor-element elementor-element-414b408 elementor-widget elementor-widget-text-editor\" data-id=\"414b408\" data-element_type=\"widget\" data-widget_type=\"text-editor.default\">\n\t\t\t\t<div class=\"elementor-widget-container\">\n\t\t\t<style>\/*! elementor - v3.10.1 - 17-01-2023 *\/\n.elementor-widget-text-editor.elementor-drop-cap-view-stacked .elementor-drop-cap{background-color:#818a91;color:#fff}.elementor-widget-text-editor.elementor-drop-cap-view-framed .elementor-drop-cap{color:#818a91;border:3px solid;background-color:transparent}.elementor-widget-text-editor:not(.elementor-drop-cap-view-default) .elementor-drop-cap{margin-top:8px}.elementor-widget-text-editor:not(.elementor-drop-cap-view-default) .elementor-drop-cap-letter{width:1em;height:1em}.elementor-widget-text-editor .elementor-drop-cap{float:left;text-align:center;line-height:1;font-size:50px}.elementor-widget-text-editor .elementor-drop-cap-letter{display:inline-block}<\/style>\t\t\t\t<p>Zapoznaj si\u0119 z Naszymi dokumentami po klikni\u0119ciu:<\/p><ul><li><a href=\"http:\/\/www.ekopark.info.pl\/images\/Dokumenty\/2015_05_08-KRS-aktualny.pdf\" target=\"_blank\" rel=\"noopener\">KRS<\/a><\/li><li><a href=\"http:\/\/www.ekopark.info.pl\/images\/Dokumenty\/2014_04_09-EKOPARK-zaswiadczenieNIP.pdf\" target=\"_blank\" rel=\"noopener\">NIP<\/a><\/li><li><a href=\"http:\/\/www.ekopark.info.pl\/images\/Dokumenty\/2014_04_09-EKOPARK-Regon.pdf\" target=\"_blank\" rel=\"noopener\">REGON<\/a><\/li><li><a href=\"http:\/\/www.ekopark.info.pl\/images\/Dokumenty\/2015_04_08-KRK-Ekopark.pdf\" target=\"_blank\" rel=\"noopener\">KRK Ekopark<\/a><\/li><li><a href=\"http:\/\/www.ekopark.info.pl\/images\/Dokumenty\/2017_09_20-Zawiadczenieprzewozydrogoweakt.pdf\">Za\u015bwiadczenie na przewozy drogowe<\/a><\/li><li><a href=\"http:\/\/www.ekopark.info.pl\/images\/Dokumenty\/2015_01_22-Ekopark-ZbieranieOdpadowPKS.pdf\" target=\"_blank\" rel=\"noopener\">Decyzja zbieranie 2<\/a><\/li><li><a href=\"http:\/\/www.ekopark.info.pl\/images\/Dokumenty\/2015_10_29-Decyzja-nr-370-2015-rozszerzenie.pdf\">Decyzja zbieranie\u00a02 &#8211; rozszerzenie<\/a><\/li><li><a href=\"http:\/\/www.ekopark.info.pl\/images\/Dokumenty\/GIOS.pdf\" target=\"_blank\" rel=\"noopener\">Wpis do GIO\u015a w zakresie WEEE<\/a><\/li><li><a href=\"http:\/\/www.ekopark.info.pl\/images\/Dokumenty\/2017_09_20-GIOAktualny.pdf\">Wpis do GIO\u015a w zakresie WEEE aktualny<\/a><\/li><li><a href=\"http:\/\/www.ekopark.info.pl\/images\/Dokumenty\/2010_10_06-decyzja-weterynarz.pdf\" target=\"_blank\" rel=\"noopener\">Decyzja &#8211; Powiatowy Lekarz Weterynarii<\/a><\/li><li><a href=\"http:\/\/www.ekopark.info.pl\/images\/EKOPARK_J2015\u015a2015_-_R2018_polskaresize.jpg\">ISO<\/a><\/li><li><a href=\"http:\/\/www.ekopark.info.pl\/images\/Dokumenty\/2017-Odzysk17.pdf\">Decyzja przetwarzanie 17 05 03* \/17 05 05*<\/a><\/li><li><a href=\"http:\/\/www.ekopark.info.pl\/images\/2018_03--Numer-rejestrowy-BDO.pdf\">Numer rejestrowy BDO -2018<\/a><\/li><li><a href=\"http:\/\/www.ekopark.info.pl\/images\/Dokumenty\/2018_08_09---Decyzja-na-odzysk-15-01-10.pdf\">Decyzja przetwarzanie\/odzysk 15 01 10*<\/a><\/li><\/ul>\t\t\t\t\t\t<\/div>\n\t\t\t\t<\/div>\n\t\t\t\t<div class=\"elementor-element elementor-element-6e42a56 elementor-widget-divider--view-line elementor-widget elementor-widget-divider\" data-id=\"6e42a56\" data-element_type=\"widget\" data-widget_type=\"divider.default\">\n\t\t\t\t<div class=\"elementor-widget-container\">\n\t\t\t<style>\/*! elementor - v3.10.1 - 17-01-2023 *\/\n.elementor-widget-divider{--divider-border-style:none;--divider-border-width:1px;--divider-color:#2c2c2c;--divider-icon-size:20px;--divider-element-spacing:10px;--divider-pattern-height:24px;--divider-pattern-size:20px;--divider-pattern-url:none;--divider-pattern-repeat:repeat-x}.elementor-widget-divider .elementor-divider{display:flex}.elementor-widget-divider .elementor-divider__text{font-size:15px;line-height:1;max-width:95%}.elementor-widget-divider .elementor-divider__element{margin:0 var(--divider-element-spacing);flex-shrink:0}.elementor-widget-divider .elementor-icon{font-size:var(--divider-icon-size)}.elementor-widget-divider .elementor-divider-separator{display:flex;margin:0;direction:ltr}.elementor-widget-divider--view-line_icon .elementor-divider-separator,.elementor-widget-divider--view-line_text .elementor-divider-separator{align-items:center}.elementor-widget-divider--view-line_icon .elementor-divider-separator:after,.elementor-widget-divider--view-line_icon .elementor-divider-separator:before,.elementor-widget-divider--view-line_text .elementor-divider-separator:after,.elementor-widget-divider--view-line_text .elementor-divider-separator:before{display:block;content:\"\";border-bottom:0;flex-grow:1;border-top:var(--divider-border-width) var(--divider-border-style) var(--divider-color)}.elementor-widget-divider--element-align-left .elementor-divider .elementor-divider-separator>.elementor-divider__svg:first-of-type{flex-grow:0;flex-shrink:100}.elementor-widget-divider--element-align-left .elementor-divider-separator:before{content:none}.elementor-widget-divider--element-align-left .elementor-divider__element{margin-left:0}.elementor-widget-divider--element-align-right .elementor-divider .elementor-divider-separator>.elementor-divider__svg:last-of-type{flex-grow:0;flex-shrink:100}.elementor-widget-divider--element-align-right .elementor-divider-separator:after{content:none}.elementor-widget-divider--element-align-right .elementor-divider__element{margin-right:0}.elementor-widget-divider:not(.elementor-widget-divider--view-line_text):not(.elementor-widget-divider--view-line_icon) .elementor-divider-separator{border-top:var(--divider-border-width) var(--divider-border-style) var(--divider-color)}.elementor-widget-divider--separator-type-pattern{--divider-border-style:none}.elementor-widget-divider--separator-type-pattern.elementor-widget-divider--view-line .elementor-divider-separator,.elementor-widget-divider--separator-type-pattern:not(.elementor-widget-divider--view-line) .elementor-divider-separator:after,.elementor-widget-divider--separator-type-pattern:not(.elementor-widget-divider--view-line) .elementor-divider-separator:before,.elementor-widget-divider--separator-type-pattern:not([class*=elementor-widget-divider--view]) .elementor-divider-separator{width:100%;min-height:var(--divider-pattern-height);-webkit-mask-size:var(--divider-pattern-size) 100%;mask-size:var(--divider-pattern-size) 100%;-webkit-mask-repeat:var(--divider-pattern-repeat);mask-repeat:var(--divider-pattern-repeat);background-color:var(--divider-color);-webkit-mask-image:var(--divider-pattern-url);mask-image:var(--divider-pattern-url)}.elementor-widget-divider--no-spacing{--divider-pattern-size:auto}.elementor-widget-divider--bg-round{--divider-pattern-repeat:round}.rtl .elementor-widget-divider .elementor-divider__text{direction:rtl}.e-con-inner>.elementor-widget-divider,.e-con>.elementor-widget-divider{width:var(--container-widget-width);--flex-grow:var(--container-widget-flex-grow)}<\/style>\t\t<div class=\"elementor-divider\">\n\t\t\t<span class=\"elementor-divider-separator\">\n\t\t\t\t\t\t<\/span>\n\t\t<\/div>\n\t\t\t\t<\/div>\n\t\t\t\t<\/div>\n\t\t\t\t\t<\/div>\n\t\t<\/div>\n\t\t\t\t\t\t\t<\/div>\n\t\t<\/section>\n\t\t\t\t\t\t\t<\/div>\n\t\t","protected":false},"excerpt":{"rendered":"<p>Dokumenty Zapoznaj si\u0119 z Naszymi dokumentami po klikni\u0119ciu: KRS NIP REGON KRK Ekopark Za\u015bwiadczenie na przewozy drogowe Decyzja zbieranie 2 Decyzja zbieranie\u00a02 &#8211; rozszerzenie Wpis do GIO\u015a w zakresie WEEE Wpis do GIO\u015a w zakresie WEEE aktualny Decyzja &#8211; Powiatowy Lekarz Weterynarii ISO Decyzja przetwarzanie 17 05 03* \/17 05 05* Numer rejestrowy BDO -2018 [&hellip;]<\/p>\n","protected":false},"author":1,"featured_media":0,"parent":0,"menu_order":0,"comment_status":"closed","ping_status":"closed","template":"","meta":{"footnotes":""},"class_list":["post-69","page","type-page","status-publish","hentry"],"_links":{"self":[{"href":"https:\/\/ekopark.webimagin.pl\/index.php?rest_route=\/wp\/v2\/pages\/69","targetHints":{"allow":["GET"]}}],"collection":[{"href":"https:\/\/ekopark.webimagin.pl\/index.php?rest_route=\/wp\/v2\/pages"}],"about":[{"href":"https:\/\/ekopark.webimagin.pl\/index.php?rest_route=\/wp\/v2\/types\/page"}],"author":[{"embeddable":true,"href":"https:\/\/ekopark.webimagin.pl\/index.php?rest_route=\/wp\/v2\/users\/1"}],"replies":[{"embeddable":true,"href":"https:\/\/ekopark.webimagin.pl\/index.php?rest_route=%2Fwp%2Fv2%2Fcomments&post=69"}],"version-history":[{"count":22,"href":"https:\/\/ekopark.webimagin.pl\/index.php?rest_route=\/wp\/v2\/pages\/69\/revisions"}],"predecessor-version":[{"id":1687,"href":"https:\/\/ekopark.webimagin.pl\/index.php?rest_route=\/wp\/v2\/pages\/69\/revisions\/1687"}],"wp:attachment":[{"href":"https:\/\/ekopark.webimagin.pl\/index.php?rest_route=%2Fwp%2Fv2%2Fmedia&parent=69"}],"curies":[{"name":"wp","href":"https:\/\/api.w.org\/{rel}","templated":true}]}}