{"id":73,"date":"2023-01-31T19:21:42","date_gmt":"2023-01-31T18:21:42","guid":{"rendered":"https:\/\/ekopark.webimagin.pl\/?page_id=73"},"modified":"2023-02-05T14:23:09","modified_gmt":"2023-02-05T13:23:09","slug":"prawo-i-ustawy","status":"publish","type":"page","link":"https:\/\/ekopark.webimagin.pl\/?page_id=73","title":{"rendered":"Prawo i ustawy"},"content":{"rendered":"\t\t<div data-elementor-type=\"wp-page\" data-elementor-id=\"73\" class=\"elementor elementor-73\">\n\t\t\t\t\t\t\t\t\t<section class=\"elementor-section elementor-top-section elementor-element elementor-element-6e1a501 elementor-section-boxed elementor-section-height-default elementor-section-height-default\" data-id=\"6e1a501\" data-element_type=\"section\">\n\t\t\t\t\t\t<div class=\"elementor-container elementor-column-gap-default\">\n\t\t\t\t\t<div class=\"elementor-column elementor-col-50 elementor-top-column elementor-element elementor-element-5b1751d\" data-id=\"5b1751d\" data-element_type=\"column\">\n\t\t\t<div class=\"elementor-widget-wrap elementor-element-populated\">\n\t\t\t\t\t\t\t\t<div class=\"elementor-element elementor-element-155376d elementor-widget elementor-widget-heading\" data-id=\"155376d\" data-element_type=\"widget\" data-widget_type=\"heading.default\">\n\t\t\t\t<div class=\"elementor-widget-container\">\n\t\t\t<style>\/*! elementor - v3.10.1 - 17-01-2023 *\/\n.elementor-heading-title{padding:0;margin:0;line-height:1}.elementor-widget-heading .elementor-heading-title[class*=elementor-size-]>a{color:inherit;font-size:inherit;line-height:inherit}.elementor-widget-heading .elementor-heading-title.elementor-size-small{font-size:15px}.elementor-widget-heading .elementor-heading-title.elementor-size-medium{font-size:19px}.elementor-widget-heading .elementor-heading-title.elementor-size-large{font-size:29px}.elementor-widget-heading .elementor-heading-title.elementor-size-xl{font-size:39px}.elementor-widget-heading .elementor-heading-title.elementor-size-xxl{font-size:59px}<\/style><h2 class=\"elementor-heading-title elementor-size-medium\">Ustawodawstwo, prawo <\/h2>\t\t<\/div>\n\t\t\t\t<\/div>\n\t\t\t\t<div class=\"elementor-element elementor-element-0a0a01e elementor-widget elementor-widget-text-editor\" data-id=\"0a0a01e\" data-element_type=\"widget\" data-widget_type=\"text-editor.default\">\n\t\t\t\t<div class=\"elementor-widget-container\">\n\t\t\t<style>\/*! elementor - v3.10.1 - 17-01-2023 *\/\n.elementor-widget-text-editor.elementor-drop-cap-view-stacked .elementor-drop-cap{background-color:#818a91;color:#fff}.elementor-widget-text-editor.elementor-drop-cap-view-framed .elementor-drop-cap{color:#818a91;border:3px solid;background-color:transparent}.elementor-widget-text-editor:not(.elementor-drop-cap-view-default) .elementor-drop-cap{margin-top:8px}.elementor-widget-text-editor:not(.elementor-drop-cap-view-default) .elementor-drop-cap-letter{width:1em;height:1em}.elementor-widget-text-editor .elementor-drop-cap{float:left;text-align:center;line-height:1;font-size:50px}.elementor-widget-text-editor .elementor-drop-cap-letter{display:inline-block}<\/style>\t\t\t\t<section class=\"article-content clearfix\"><p>Zgodnie z Konstytucj\u0105 RP jedn\u0105 z podstawowych funkcji pa\u0144stwa jest zapewnienie ochrony \u015brodowiska poprzez wprowadzenie zasady zr\u00f3wnowa\u017conego rozwoju. Zr\u00f3wnowa\u017cony rozw\u00f3j to po\u0142\u0105czenie dzia\u0142a\u0144 gospodarczych, spo\u0142ecznych i politycznych w taki spos\u00f3b aby zachowa\u0107 r\u00f3wnowag\u0119 przyrodnicz\u0105 i\u00a0 trwa\u0142o\u015b\u0107 proces\u00f3w przyrodniczych, zapewniaj\u0105c podstawowe potrzeby spo\u0142eczno\u015bci, obywateli i przysz\u0142ych pokole\u0144.<\/p><p>Konstytucja pozwala na wprowadzenie ogranicze\u0144 w korzystaniu ze \u015brodowiska oraz zobowi\u0105zuje w\u0142adze publiczne do ochrony \u015brodowiska, prowadzenia polityki zapewniaj\u0105cej bezpiecze\u0144stwo ekologiczne oraz wspierania dzia\u0142a\u0144 obywatelskich na rzecz ochrony i poprawy stanu \u015brodowiska; daje ka\u017cdemu prawo do informacji o stanie \u015brodowiska; oraz zobowi\u0105zuje ka\u017cdego do dba\u0142o\u015bci o stan \u015brodowiska oraz ponoszenia odpowiedzialno\u015bci za spowodowane przez siebie szkody.<\/p><p>Szczeg\u00f3\u0142owe regulacje w powy\u017cszym zakresie okre\u015blaj\u0105 ustawy i akty wykonawcze do ustaw, uwzgl\u0119dniaj\u0105ce wymagania dyrektyw Unii Europejskich i mi\u0119dzynarodowych konwencji. Poni\u017cej przedstawiamy podstawowe przepisy prawne dotycz\u0105ce gospodarki odpadami.<br \/><br \/><strong>Ustawy<\/strong><\/p><table border=\"0\" cellspacing=\"0\" cellpadding=\"5\"><tbody><tr><td width=\"60%\">Obwieszczenie Marsza\u0142ka Sejmu Rzeczypospolitej Polskiej z dnia26 sierpnia 2013 w sprawie og\u0142oszenia jednolitego tekstu ustawy Prawo ochrony \u015brodowiska<\/td><td width=\"30%\">Dz. U. 2013, poz. 1232<\/td><td width=\"10%\">1<\/td><\/tr><tr><td>Ustawa z dnia 14 grudnia 2012r. o odpadach\u00a0<\/td><td>Dz. U. 2013, poz. 21\u00a0<\/td><td>2<\/td><\/tr><tr><td>Obwieszczenie Marsza\u0142ka Sejmu Rzeczypospolitej Polskiej z dnia 13 wrze\u015bnia 2013 r. w sprawie og\u0142oszenia jednolitego tekstu ustawy o utrzymaniu czysto\u015bci i porz\u0105dku w gminach<\/td><td>Dz. U. 2013, poz. 1399\u00a0<\/td><td>\u00a03<\/td><\/tr><tr><td>Ustawa z dnia 13 czerwca 2013r. o gospodarce opakowaniami i odpadami opakowaniowymi<\/td><td>Dz.U. 2013, poz. 888\u00a0<\/td><td>\u00a04<\/td><\/tr><tr><td>Ustawa z dnia 11 maja 2001r.\u00a0 o obowi\u0105zkach w zakresie gospodarowania niekt\u00f3rymi odpadami oraz o op\u0142acie produktowej<\/td><td>\u00a0Dz. U. 2001, Nr 63, poz. 639<\/td><td>\u00a05<\/td><\/tr><tr><td>Ustawa z dnia 24 kwietnia 2009r. o bateriach i akumulatorach<\/td><td>Dz. U. 2009, Nr 79, poz. 666\u00a0<\/td><td>\u00a06<\/td><\/tr><tr><td>Ustawa z dnia 29 lipca 2009r. o zu\u017cytym sprz\u0119cie elektrycznym i elektronicznym<\/td><td>Dz. U. 2009, Nr 180, poz. 1495\u00a0<\/td><td>\u00a07<\/td><\/tr><tr><td>Ustawa z dnia 3 pa\u017adziernika 2008 r. o udost\u0119pnianiu informacji o \u015brodowisku i jego ochronie, udziale spo\u0142ecze\u0144stwa w ochronie \u015brodowiska oraz o ocenach oddzia\u0142ywania na \u015brodowisko<\/td><td>\u00a0Dz. U. 2008 nr 199 poz. 1227, z p\u00f3\u017an.zm.<\/td><td>\u00a08<\/td><\/tr><tr><td>Ustawa z dnia 29 czerwca 2007 r. o mi\u0119dzynarodowym przemieszczaniu odpad\u00f3w<\/td><td>\u00a0Dz. U. 2007 nr 124, poz. 859<\/td><td>\u00a09<\/td><\/tr><\/tbody><\/table><p><br \/><strong>Rozporz\u0105dzenia<\/strong><\/p><table border=\"0\" cellspacing=\"0\" cellpadding=\"5\"><tbody><tr><td width=\"60%\">Rozporz\u0105dzenie Ministra \u015arodowiska z dnia 9 grudnia 2014 r. w sprawie katalogu odpad\u00f3w<\/td><td width=\"30%\">Dz. U. 2014, poz. 1923\u00a0<\/td><td width=\"10%\">\u00a01<\/td><\/tr><tr><td>Rozporz\u0105dzenie Ministra \u015arodowiska\u00a0 z dnia 12 grudnia 2014r. w sprawie wzor\u00f3w dokument\u00f3w stosowanych na potrzeby ewidencji odpad\u00f3w<\/td><td>\u00a0Dz. U. 2014, poz. 1973<\/td><td>\u00a02<\/td><\/tr><tr><td>Rozporz\u0105dzenie Ministra \u015arodowiska z dnia 19 grudnia 2006r. w sprawie wzor\u00f3w dokument\u00f3w potwierdzaj\u0105cych odr\u0119bnie odzysk i odr\u0119bnie recykling<\/td><td>\u00a0Dz. U. 2006, Nr 247, poz. 1816<\/td><td>3<\/td><\/tr><tr><td>Rozporz\u0105dzenie Ministra Gospodarki i Pracy z dnia 4 sierpnia 2004 r. w sprawie szczeg\u00f3\u0142owego post\u0119powania z olejami odpadowymi<\/td><td>\u00a0Dz. U. 2004, Nr 192, poz. 1968<\/td><td>4<\/td><\/tr><tr><td>Rozporz\u0105dzenie Ministra Zdrowia z dnia 30 lipca 2010 r. w sprawie szczeg\u00f3\u0142owego sposobu post\u0119powania z odpadami medycznymi<\/td><td>\u00a0Dz. U. 2010,\u00a0 Nr 139, poz. 940<\/td><td>\u00a05<\/td><\/tr><tr><td>Rozporz\u0105dzenie Ministra Rolnictwa i Rozwoju Wsi z dnia 1 pa\u017adziernika 2010 r. w sprawie szczeg\u00f3\u0142owego sposobu post\u0119powania z odpadami weterynaryjnymi<\/td><td>\u00a0Dz. U. 2010,\u00a0 Nr 198, poz. 1318<\/td><td>\u00a06<\/td><\/tr><tr><td>Rozporz\u0105dzenie Ministra \u015arodowiska z dnia 19 grudnia 2008 r. zmieniaj\u0105ce rozporz\u0105dzenie w sprawie listy rodzaj\u00f3w odpad\u00f3w, kt\u00f3re posiadacza odpad\u00f3w mo\u017ce przekaza\u0107 osobom fizycznym lub jednostkom organizacyjnym nieb\u0119d\u0105cym przedsi\u0119biorcami, oraz dopuszczalnych metod ich odzysku<\/td><td>Dz. U. 2008 nr 235 poz. 1614\u00a0<\/td><td>\u00a07<\/td><\/tr><tr><td>Rozporz\u0105dzenie Ministra \u015arodowiska z dnia 8 grudnia 2010 r. w sprawie zakresu informacji oraz wzor\u00f3w formularzy s\u0142u\u017c\u0105cych do sporz\u0105dzania i przekazywania zbiorczych zestawie\u0144 danych<\/td><td>\u00a0Dz. U. Nr 249, poz. 1674<\/td><td>\u00a08<\/td><\/tr><tr><td>Rozporz\u0105dzenie Ministra \u015arodowiska z dnia 27 lutego 2014 r. w sprawie wzor\u00f3w wykaz\u00f3w zawieraj\u0105cych informacje i dane o zakresie korzystania ze \u015brodowiska oraz o wysoko\u015bci nale\u017cnych op\u0142at<\/td><td>\u00a0Dz. U.\u00a0 2014, poz. 274<\/td><td>\u00a09<\/td><\/tr><tr><td>Rozporz\u0105dzenie Rady Ministr\u00f3w z dnia 9 listopada 2010 r. w sprawie przedsi\u0119wzi\u0119\u0107 mog\u0105cych znacz\u0105co oddzia\u0142ywa\u0107 na \u015brodowisko + zmiana rozporz\u0105dzenia z 2013r.<\/td><td>Dz. U. 2010, Nr 213, poz. 1397<\/td><td>10<\/td><\/tr><tr><td>Rozporz\u0105dzenie z dnia 12 grudnia 2014r. w sprawie rodzaj\u00f3w odpad\u00f3w i ilo\u015bci odpad\u00f3w dla kt\u00f3rych nie ma obowi\u0105zku prowadzenia ewidencji odpad\u00f3w<\/td><td>Dz. U. 2014, poz. 1974<\/td><td>11<\/td><\/tr><\/tbody><\/table><p><br \/>Wszystkie wy\u017cej wymienione ustawy oraz rozporz\u0105dzenia do pobrania na naszej stronie .<br \/><br \/>Zach\u0119camy do zapoznania si\u0119 z zawarto\u015bci\u0105 zak\u0142adki EKO porady. We wspomnianym dziale znajdziecie Pa\u0144stwo wiele wa\u017cnych, przydatnych, ciekawych informacji i porad oraz\u00a0 EKO terminarz dotycz\u0105cy termin\u00f3w sk\u0142adania wszelkich sprawozda\u0144.\u00a0 \u00a0<br \/><br \/>www.ekopark.info.pl<\/p><\/section>\t\t\t\t\t\t<\/div>\n\t\t\t\t<\/div>\n\t\t\t\t\t<\/div>\n\t\t<\/div>\n\t\t\t\t<div class=\"elementor-column elementor-col-50 elementor-top-column elementor-element elementor-element-f450e56\" data-id=\"f450e56\" data-element_type=\"column\">\n\t\t\t<div class=\"elementor-widget-wrap elementor-element-populated\">\n\t\t\t\t\t\t\t\t<div class=\"elementor-element elementor-element-09a108c elementor-nav-menu--dropdown-tablet elementor-nav-menu__text-align-aside elementor-nav-menu--toggle elementor-nav-menu--burger elementor-widget elementor-widget-nav-menu\" data-id=\"09a108c\" data-element_type=\"widget\" data-settings=\"{&quot;layout&quot;:&quot;vertical&quot;,&quot;submenu_icon&quot;:{&quot;value&quot;:&quot;&lt;i class=\\&quot;fas fa-caret-down\\&quot;&gt;&lt;\\\/i&gt;&quot;,&quot;library&quot;:&quot;fa-solid&quot;},&quot;toggle&quot;:&quot;burger&quot;}\" data-widget_type=\"nav-menu.default\">\n\t\t\t\t<div class=\"elementor-widget-container\">\n\t\t\t<link rel=\"stylesheet\" href=\"https:\/\/ekopark.webimagin.pl\/wp-content\/plugins\/elementor-pro\/assets\/css\/widget-nav-menu.min.css\">\t\t\t<nav migration_allowed=\"1\" migrated=\"0\" class=\"elementor-nav-menu--main elementor-nav-menu__container elementor-nav-menu--layout-vertical e--pointer-none\">\n\t\t\t\t<ul id=\"menu-1-09a108c\" class=\"elementor-nav-menu sm-vertical\"><li class=\"menu-item menu-item-type-post_type menu-item-object-page menu-item-1396\"><a href=\"https:\/\/ekopark.webimagin.pl\/?page_id=1370\" class=\"elementor-item\">Ustawodawstwo, prawo<\/a><\/li>\n<li class=\"menu-item menu-item-type-post_type menu-item-object-page menu-item-1395\"><a href=\"https:\/\/ekopark.webimagin.pl\/?page_id=1375\" class=\"elementor-item\">Ustawy \u2013 pliki do pobrania<\/a><\/li>\n<li class=\"menu-item menu-item-type-post_type menu-item-object-page menu-item-1394\"><a href=\"https:\/\/ekopark.webimagin.pl\/?page_id=1377\" class=\"elementor-item\">Rozporz\u0105dzenia &#8211; pliki do pobrania<\/a><\/li>\n<li class=\"menu-item menu-item-type-post_type menu-item-object-page menu-item-1392\"><a href=\"https:\/\/ekopark.webimagin.pl\/?page_id=1381\" class=\"elementor-item\">Interpretacja M\u015a \u2013 de minimis<\/a><\/li>\n<li class=\"menu-item menu-item-type-post_type menu-item-object-page menu-item-1391\"><a href=\"https:\/\/ekopark.webimagin.pl\/?page_id=1383\" class=\"elementor-item\">Interpretacja M\u015a \u2013 kampanie<\/a><\/li>\n<\/ul>\t\t\t<\/nav>\n\t\t\t\t\t<div class=\"elementor-menu-toggle\" role=\"button\" tabindex=\"0\" aria-label=\"Menu Toggle\" aria-expanded=\"false\">\n\t\t\t<i aria-hidden=\"true\" role=\"presentation\" class=\"elementor-menu-toggle__icon--open eicon-menu-bar\"><\/i><i aria-hidden=\"true\" role=\"presentation\" class=\"elementor-menu-toggle__icon--close eicon-close\"><\/i>\t\t\t<span class=\"elementor-screen-only\">Menu<\/span>\n\t\t<\/div>\n\t\t\t\t\t<nav class=\"elementor-nav-menu--dropdown elementor-nav-menu__container\" aria-hidden=\"true\">\n\t\t\t\t<ul id=\"menu-2-09a108c\" class=\"elementor-nav-menu sm-vertical\"><li class=\"menu-item menu-item-type-post_type menu-item-object-page menu-item-1396\"><a href=\"https:\/\/ekopark.webimagin.pl\/?page_id=1370\" class=\"elementor-item\" tabindex=\"-1\">Ustawodawstwo, prawo<\/a><\/li>\n<li class=\"menu-item menu-item-type-post_type menu-item-object-page menu-item-1395\"><a href=\"https:\/\/ekopark.webimagin.pl\/?page_id=1375\" class=\"elementor-item\" tabindex=\"-1\">Ustawy \u2013 pliki do pobrania<\/a><\/li>\n<li class=\"menu-item menu-item-type-post_type menu-item-object-page menu-item-1394\"><a href=\"https:\/\/ekopark.webimagin.pl\/?page_id=1377\" class=\"elementor-item\" tabindex=\"-1\">Rozporz\u0105dzenia &#8211; pliki do pobrania<\/a><\/li>\n<li class=\"menu-item menu-item-type-post_type menu-item-object-page menu-item-1392\"><a href=\"https:\/\/ekopark.webimagin.pl\/?page_id=1381\" class=\"elementor-item\" tabindex=\"-1\">Interpretacja M\u015a \u2013 de minimis<\/a><\/li>\n<li class=\"menu-item menu-item-type-post_type menu-item-object-page menu-item-1391\"><a href=\"https:\/\/ekopark.webimagin.pl\/?page_id=1383\" class=\"elementor-item\" tabindex=\"-1\">Interpretacja M\u015a \u2013 kampanie<\/a><\/li>\n<\/ul>\t\t\t<\/nav>\n\t\t\t\t<\/div>\n\t\t\t\t<\/div>\n\t\t\t\t\t<\/div>\n\t\t<\/div>\n\t\t\t\t\t\t\t<\/div>\n\t\t<\/section>\n\t\t\t\t\t\t\t<\/div>\n\t\t","protected":false},"excerpt":{"rendered":"<p>Ustawodawstwo, prawo Zgodnie z Konstytucj\u0105 RP jedn\u0105 z podstawowych funkcji pa\u0144stwa jest zapewnienie ochrony \u015brodowiska poprzez wprowadzenie zasady zr\u00f3wnowa\u017conego rozwoju. Zr\u00f3wnowa\u017cony rozw\u00f3j to po\u0142\u0105czenie dzia\u0142a\u0144 gospodarczych, spo\u0142ecznych i politycznych w taki spos\u00f3b aby zachowa\u0107 r\u00f3wnowag\u0119 przyrodnicz\u0105 i\u00a0 trwa\u0142o\u015b\u0107 proces\u00f3w przyrodniczych, zapewniaj\u0105c podstawowe potrzeby spo\u0142eczno\u015bci, obywateli i przysz\u0142ych pokole\u0144. Konstytucja pozwala na wprowadzenie ogranicze\u0144 w korzystaniu [&hellip;]<\/p>\n","protected":false},"author":1,"featured_media":0,"parent":0,"menu_order":0,"comment_status":"closed","ping_status":"closed","template":"","meta":{"footnotes":""},"class_list":["post-73","page","type-page","status-publish","hentry"],"_links":{"self":[{"href":"https:\/\/ekopark.webimagin.pl\/index.php?rest_route=\/wp\/v2\/pages\/73","targetHints":{"allow":["GET"]}}],"collection":[{"href":"https:\/\/ekopark.webimagin.pl\/index.php?rest_route=\/wp\/v2\/pages"}],"about":[{"href":"https:\/\/ekopark.webimagin.pl\/index.php?rest_route=\/wp\/v2\/types\/page"}],"author":[{"embeddable":true,"href":"https:\/\/ekopark.webimagin.pl\/index.php?rest_route=\/wp\/v2\/users\/1"}],"replies":[{"embeddable":true,"href":"https:\/\/ekopark.webimagin.pl\/index.php?rest_route=%2Fwp%2Fv2%2Fcomments&post=73"}],"version-history":[{"count":40,"href":"https:\/\/ekopark.webimagin.pl\/index.php?rest_route=\/wp\/v2\/pages\/73\/revisions"}],"predecessor-version":[{"id":1632,"href":"https:\/\/ekopark.webimagin.pl\/index.php?rest_route=\/wp\/v2\/pages\/73\/revisions\/1632"}],"wp:attachment":[{"href":"https:\/\/ekopark.webimagin.pl\/index.php?rest_route=%2Fwp%2Fv2%2Fmedia&parent=73"}],"curies":[{"name":"wp","href":"https:\/\/api.w.org\/{rel}","templated":true}]}}